{"id":288,"date":"2019-06-05T14:05:48","date_gmt":"2019-06-05T11:05:48","guid":{"rendered":"https:\/\/scouter.fi\/?page_id=288"},"modified":"2020-01-16T16:57:32","modified_gmt":"2020-01-16T14:57:32","slug":"tietosuojaseloste","status":"publish","type":"page","link":"https:\/\/scoutermobility.com\/fi\/tietosuojaseloste\/","title":{"rendered":"Tietosuojaseloste"},"content":{"rendered":"<p>[et_pb_section fb_built=&#8221;1&#8243; _builder_version=&#8221;3.23.3&#8243; background_image=&#8221;https:\/\/scoutermobility.com\/wp-content\/uploads\/2019\/06\/Scouter_background_ukk.jpg&#8221;][et_pb_row _builder_version=&#8221;3.25&#8243;][et_pb_column type=&#8221;4_4&#8243; _builder_version=&#8221;3.25&#8243; custom_padding=&#8221;|||&#8221; custom_padding__hover=&#8221;|||&#8221;][et_pb_text _builder_version=&#8221;3.27.4&#8243; header_font=&#8221;||||||||&#8221; header_font_size_tablet=&#8221;&#8221; header_font_size_phone=&#8221;30px&#8221; header_font_size_last_edited=&#8221;on|phone&#8221;]<\/p>\n<h1>Tietosuojaseloste<\/h1>\n<p>[\/et_pb_text][\/et_pb_column][\/et_pb_row][et_pb_row _builder_version=&#8221;3.25&#8243; module_alignment=&#8221;center&#8221;][et_pb_column type=&#8221;4_4&#8243; _builder_version=&#8221;3.25&#8243; custom_padding=&#8221;|||&#8221; custom_padding__hover=&#8221;|||&#8221;][et_pb_text module_class=&#8221;custom_ol&#8221; _builder_version=&#8221;4.0.7&#8243; header_font=&#8221;||||||||&#8221; header_4_font=&#8221;||||||||&#8221; header_6_font=&#8221;||||||||&#8221; max_width=&#8221;756px&#8221; hover_enabled=&#8221;0&#8243; header_4_font_size_tablet=&#8221;&#8221; header_4_font_size_phone=&#8221;24px&#8221; header_4_font_size_last_edited=&#8221;on|phone&#8221; header_6_font_size_tablet=&#8221;&#8221; header_6_font_size_phone=&#8221;20px&#8221; header_6_font_size_last_edited=&#8221;on|phone&#8221;]<\/p>\n<h4>Scouter Mobility Oy<\/h4>\n<p>Tietosuojaseloste<br \/>\nHenkil\u00f6tietolain (523\/99) 10 \u00a7<br \/>\nEU:n yleinen tietosuoja-asetus 2016\/679<\/p>\n<p>P\u00e4ivitetty 10.5.2019<br \/>\n&nbsp;<\/p>\n<ol>\n<li>\n<h6>Rekisterinpit\u00e4j\u00e4<\/h6>\n<p>Scouter Mobility Oy<\/li>\n<li>\n<h6>Rekisterin nimi<\/h6>\n<p>Markkinointi- ja uutiskirjerekisteri<\/li>\n<li>\n<h6>Rekisteriasioista vastaava henkil\u00f6<\/h6>\n<p>Yhteyshenkil\u00f6<br \/>\nNimi: Petri Pitk\u00e4nen<br \/>\nOrganisaatio: Scouter Mobility Oy<br \/>\nKatu: Korkeakoulunkatu 6<br \/>\nPostinumero ja toimipaikka: 33720 Tampere<br \/>\nPuh. 050 486 7487<br \/>\nS\u00e4hk\u00f6postiosoite: <my-email data-user=\"pete\" data-domain=\"scouter.fi\"><\/my-email><\/li>\n<li>\n<h6>Rekisterin k\u00e4ytt\u00f6tarkoitus<\/h6>\n<p>Scouter Mobility Oy k\u00e4ytt\u00e4\u00e4 markkinointi- ja uutiskirjerekisterin tietoja asiakassuhteiden hoitamiseen ja viestint\u00e4\u00e4n sek\u00e4 markkinointitarkoituksiin. K\u00e4sittely perustuu asiakassuhteen hoitamiseen, rekister\u00f6idyn suostumukseen tai rekisterinpit\u00e4j\u00e4n oikeutettujen etujen toteuttamiseksi.<\/li>\n<li>\n<h6>Rekisterin tietosis\u00e4lt\u00f6<\/h6>\n<p>Rekisteriss\u00e4 k\u00e4sitell\u00e4\u00e4n rekisterin k\u00e4ytt\u00f6tarkoituksen mukaisia tarpeellisia tietoja:<\/p>\n<p>Yhteystiedot: nimi, osoite, s\u00e4hk\u00f6posti, puhelinnumero, henkil\u00f6n edustama yritys tai organisaatio.<br \/>\nMuut asiakkaan itse antamat tiedot<\/li>\n<li>\n<h6>Tietol\u00e4hteet<\/h6>\n<p>Henkil\u00f6tietoja ker\u00e4t\u00e4\u00e4n rekister\u00f6idylt\u00e4 itselt\u00e4\u00e4n tapahtumailmoittautumisten, kampanjoiden, palautteiden ja uutiskirjetilauksien yhteydess\u00e4. Muita tietol\u00e4hteit\u00e4 ovat erilaiset asiakas- ja yhteysty\u00f6kontaktit sek\u00e4 henkil\u00f6kohtainen myyntity\u00f6. Henkil\u00f6tietoja voidaan joskus ostaa kertaluonteiseen markkinointik\u00e4ytt\u00f6\u00f6n my\u00f6s ulkopuolisista rekistereist\u00e4.<\/li>\n<li>\n<h6>Tietojen luovutus ja siirto<\/h6>\n<p>Tietoja ei luovuteta ilman rekister\u00f6idyn lupaa muuten kuin lain sallimissa ja velvoittamissa rajoissa tai viranomaisten vaatimusten edellytt\u00e4m\u00e4ll\u00e4 tavalla.<\/p>\n<p>Rekisterin k\u00e4ytt\u00f6tarkoituksen mukaisien teht\u00e4vien hoitoon voidaan k\u00e4ytt\u00e4\u00e4 alihankkijoita ja tietoja voidaan siirt\u00e4\u00e4 EU-\/ETA-alueen ulkopuolelle, jos se on palvelun toteuttamisen vuoksi tarpeellista. T\u00e4ll\u00f6in rekisterinpit\u00e4j\u00e4 huolehtii sopimuksin lains\u00e4\u00e4d\u00e4nn\u00f6n edellytt\u00e4m\u00e4ll\u00e4 tavalla tietosuojan riitt\u00e4v\u00e4st\u00e4 tasosta.<\/li>\n<li>\n<h6>Tietojen s\u00e4ilytysaika<\/h6>\n<p>Rekisterinpit\u00e4j\u00e4 s\u00e4ilytt\u00e4\u00e4 tietoja vain niin kauan, kun on tarpeen rekisterin k\u00e4ytt\u00f6tarkoituksen kannalta.<\/li>\n<li>\n<h6>Rekisterin suojaus<\/h6>\n<p>Tietokannat, joihin tietoja tallennetaan, ovat teknisesti ja fyysisesti suojattu, siten ettei ulkopuolella ole niihin p\u00e4\u00e4sy\u00e4. P\u00e4\u00e4sy tietoihin on vain niill\u00e4, joilla se on tarpeen ty\u00f6teht\u00e4vien hoitamiseksi.<\/li>\n<li>\n<h6>Tarkastus- ja korjausoikeus, sek\u00e4 oikeus tietojen poistamiseen<\/h6>\n<p>Rekister\u00f6idyll\u00e4 on oikeus milloin tahansa perua uutiskirjetilauksensa.<\/p>\n<p>Rekister\u00f6idyll\u00e4 on oikeus tarkastaa, mit\u00e4 tietoja h\u00e4nest\u00e4 rekisteriin on talletettu, oikeus vaatia virheellisen henkil\u00f6tiedon korjaamista ja oikeus saada tietonsa poistetuksi rekisterist\u00e4. Vanhentuneet ja tarpeettomat tiedot h\u00e4vit\u00e4mme asiaankuuluvalla tavalla.<\/p>\n<p>Tarkastus-, korjaus- tai poistopyynt\u00f6 tulee l\u00e4hett\u00e4\u00e4 kirjallisesti ja allekirjoitettuna rekisteriasioista vastaavalle henkil\u00f6lle.<\/li>\n<li>\n<h6>Siirto- ja kielto-oikeus<\/h6>\n<p>Rekister\u00f6idyll\u00e4 on oikeus saada h\u00e4nt\u00e4 koskevat henkil\u00f6tiedot, jotka h\u00e4n on toimittanut rekisterinpit\u00e4j\u00e4lle, j\u00e4sennellyss\u00e4, yleisesti k\u00e4ytetyss\u00e4 ja koneellisesti luettavassa muodossa, jos k\u00e4sittely perustuu suostumukseen tai sopimukseen, ja k\u00e4sittely suoritetaan automaattisesti.<\/p>\n<p>Rekister\u00f6idyll\u00e4 EU:n tietosuoja-asetuksen 18 artiklan mukainen oikeus tietojen k\u00e4sittelyn rajoittamiseen.<\/p>\n<p>Siirto- ja kielto-oikeus astuvat voimaan 25.5.2018.<\/li>\n<li>\n<h6>Toiminta-ohjeet<\/h6>\n<p>\tKoskien henkil\u00f6tietojen tarkistus-, oikaisu- ja\/tai poistamispyynt\u00f6j\u00e4, ota yhteytt\u00e4 Scouter Mobility Oy:n markkinointi- ja uutiskirjerekisterin yhteyshenkil\u00f6\u00f6n.<\/li>\n<li>\n<h6>Tietosuojaselosteen muuttaminen<\/h6>\n<p>Rekisterinpit\u00e4j\u00e4 pid\u00e4tt\u00e4\u00e4 oikeuden p\u00e4ivitt\u00e4\u00e4 ja muuttaa tietosuojaselostetta. Lains\u00e4\u00e4d\u00e4nn\u00f6n niin vaatiessa ilmoitamme siit\u00e4 rekister\u00f6idyille.<\/li>\n<ol>[\/et_pb_text][\/et_pb_column][\/et_pb_row][\/et_pb_section]<\/p>\n","protected":false},"excerpt":{"rendered":"<p>TietosuojaselosteScouter Mobility Oy Tietosuojaseloste Henkil\u00f6tietolain (523\/99) 10 \u00a7 EU:n yleinen tietosuoja-asetus 2016\/679 P\u00e4ivitetty 10.5.2019 &nbsp; Rekisterinpit\u00e4j\u00e4 Scouter Mobility Oy Rekisterin nimi Markkinointi- ja uutiskirjerekisteri Rekisteriasioista vastaava henkil\u00f6 Yhteyshenkil\u00f6 Nimi: Petri Pitk\u00e4nen Organisaatio: Scouter Mobility Oy Katu: Korkeakoulunkatu 6 Postinumero ja toimipaikka: 33720 Tampere Puh. 050 486 7487 S\u00e4hk\u00f6postiosoite: Rekisterin k\u00e4ytt\u00f6tarkoitus Scouter Mobility Oy k\u00e4ytt\u00e4\u00e4 markkinointi- [&hellip;]<\/p>\n","protected":false},"author":1,"featured_media":0,"parent":0,"menu_order":0,"comment_status":"closed","ping_status":"closed","template":"","meta":{"_et_pb_use_builder":"on","_et_pb_old_content":"","_et_gb_content_width":"","footnotes":""},"yoast_head":"<!-- This site is optimized with the Yoast SEO plugin v21.0 - https:\/\/yoast.com\/wordpress\/plugins\/seo\/ -->\n<title>Tietosuojaseloste &mdash; Scouter<\/title>\n<meta name=\"robots\" content=\"index, follow, max-snippet:-1, max-image-preview:large, max-video-preview:-1\" \/>\n<link rel=\"canonical\" href=\"https:\/\/scoutermobility.com\/fi\/tietosuojaseloste\/\" \/>\n<meta property=\"og:locale\" content=\"fi_FI\" \/>\n<meta property=\"og:type\" content=\"article\" \/>\n<meta property=\"og:title\" content=\"Tietosuojaseloste &mdash; Scouter\" \/>\n<meta property=\"og:description\" content=\"TietosuojaselosteScouter Mobility Oy Tietosuojaseloste Henkil\u00f6tietolain (523\/99) 10 \u00a7 EU:n yleinen tietosuoja-asetus 2016\/679 P\u00e4ivitetty 10.5.2019 &nbsp; Rekisterinpit\u00e4j\u00e4 Scouter Mobility Oy Rekisterin nimi Markkinointi- ja uutiskirjerekisteri Rekisteriasioista vastaava henkil\u00f6 Yhteyshenkil\u00f6 Nimi: Petri Pitk\u00e4nen Organisaatio: Scouter Mobility Oy Katu: Korkeakoulunkatu 6 Postinumero ja toimipaikka: 33720 Tampere Puh. 050 486 7487 S\u00e4hk\u00f6postiosoite: Rekisterin k\u00e4ytt\u00f6tarkoitus Scouter Mobility Oy k\u00e4ytt\u00e4\u00e4 markkinointi- [&hellip;]\" \/>\n<meta property=\"og:url\" content=\"https:\/\/scoutermobility.com\/fi\/tietosuojaseloste\/\" \/>\n<meta property=\"og:site_name\" content=\"Scouter\" \/>\n<meta property=\"article:publisher\" content=\"https:\/\/www.facebook.com\/Scouter-LMV-626339257809619\/\" \/>\n<meta property=\"article:modified_time\" content=\"2020-01-16T14:57:32+00:00\" \/>\n<meta property=\"og:image\" content=\"https:\/\/scoutermobility.com\/wp-content\/uploads\/2019\/06\/scouter_featured_image.jpg\" \/>\n\t<meta property=\"og:image:width\" content=\"1200\" \/>\n\t<meta property=\"og:image:height\" content=\"630\" \/>\n\t<meta property=\"og:image:type\" content=\"image\/jpeg\" \/>\n<meta name=\"twitter:card\" content=\"summary_large_image\" \/>\n<meta name=\"twitter:site\" content=\"@scouterl\" \/>\n<meta name=\"twitter:label1\" content=\"Arvioitu lukuaika\" \/>\n\t<meta name=\"twitter:data1\" content=\"3 minuuttia\" \/>\n<script type=\"application\/ld+json\" class=\"yoast-schema-graph\">{\"@context\":\"https:\/\/schema.org\",\"@graph\":[{\"@type\":\"WebPage\",\"@id\":\"https:\/\/scoutermobility.com\/fi\/tietosuojaseloste\/\",\"url\":\"https:\/\/scoutermobility.com\/fi\/tietosuojaseloste\/\",\"name\":\"Tietosuojaseloste &mdash; Scouter\",\"isPartOf\":{\"@id\":\"https:\/\/scoutermobility.com\/fi\/#website\"},\"datePublished\":\"2019-06-05T11:05:48+00:00\",\"dateModified\":\"2020-01-16T14:57:32+00:00\",\"breadcrumb\":{\"@id\":\"https:\/\/scoutermobility.com\/fi\/tietosuojaseloste\/#breadcrumb\"},\"inLanguage\":\"fi\",\"potentialAction\":[{\"@type\":\"ReadAction\",\"target\":[\"https:\/\/scoutermobility.com\/fi\/tietosuojaseloste\/\"]}]},{\"@type\":\"BreadcrumbList\",\"@id\":\"https:\/\/scoutermobility.com\/fi\/tietosuojaseloste\/#breadcrumb\",\"itemListElement\":[{\"@type\":\"ListItem\",\"position\":1,\"name\":\"Home\",\"item\":\"https:\/\/scoutermobility.com\/fi\/\"},{\"@type\":\"ListItem\",\"position\":2,\"name\":\"Tietosuojaseloste\"}]},{\"@type\":\"WebSite\",\"@id\":\"https:\/\/scoutermobility.com\/fi\/#website\",\"url\":\"https:\/\/scoutermobility.com\/fi\/\",\"name\":\"Scouter\",\"description\":\"Your Journey: Embrace It, Share It, Go For It.\",\"publisher\":{\"@id\":\"https:\/\/scoutermobility.com\/fi\/#organization\"},\"potentialAction\":[{\"@type\":\"SearchAction\",\"target\":{\"@type\":\"EntryPoint\",\"urlTemplate\":\"https:\/\/scoutermobility.com\/fi\/?s={search_term_string}\"},\"query-input\":\"required name=search_term_string\"}],\"inLanguage\":\"fi\"},{\"@type\":\"Organization\",\"@id\":\"https:\/\/scoutermobility.com\/fi\/#organization\",\"name\":\"Rideascout Oy\",\"url\":\"https:\/\/scoutermobility.com\/fi\/\",\"logo\":{\"@type\":\"ImageObject\",\"inLanguage\":\"fi\",\"@id\":\"https:\/\/scoutermobility.com\/fi\/#\/schema\/logo\/image\/\",\"url\":\"https:\/\/scoutermobility.com\/wp-content\/uploads\/2019\/06\/Scouter_slogan_black.svg\",\"contentUrl\":\"https:\/\/scoutermobility.com\/wp-content\/uploads\/2019\/06\/Scouter_slogan_black.svg\",\"width\":845,\"height\":554,\"caption\":\"Rideascout Oy\"},\"image\":{\"@id\":\"https:\/\/scoutermobility.com\/fi\/#\/schema\/logo\/image\/\"},\"sameAs\":[\"https:\/\/www.facebook.com\/Scouter-LMV-626339257809619\/\",\"https:\/\/twitter.com\/scouterl\",\"https:\/\/www.instagram.com\/scouterlmv\/\",\"https:\/\/www.linkedin.com\/in\/scouter-lmv-a83781180\/\"]}]}<\/script>\n<!-- \/ Yoast SEO plugin. -->","yoast_head_json":{"title":"Tietosuojaseloste &mdash; Scouter","robots":{"index":"index","follow":"follow","max-snippet":"max-snippet:-1","max-image-preview":"max-image-preview:large","max-video-preview":"max-video-preview:-1"},"canonical":"https:\/\/scoutermobility.com\/fi\/tietosuojaseloste\/","og_locale":"fi_FI","og_type":"article","og_title":"Tietosuojaseloste &mdash; Scouter","og_description":"TietosuojaselosteScouter Mobility Oy Tietosuojaseloste Henkil\u00f6tietolain (523\/99) 10 \u00a7 EU:n yleinen tietosuoja-asetus 2016\/679 P\u00e4ivitetty 10.5.2019 &nbsp; Rekisterinpit\u00e4j\u00e4 Scouter Mobility Oy Rekisterin nimi Markkinointi- ja uutiskirjerekisteri Rekisteriasioista vastaava henkil\u00f6 Yhteyshenkil\u00f6 Nimi: Petri Pitk\u00e4nen Organisaatio: Scouter Mobility Oy Katu: Korkeakoulunkatu 6 Postinumero ja toimipaikka: 33720 Tampere Puh. 050 486 7487 S\u00e4hk\u00f6postiosoite: Rekisterin k\u00e4ytt\u00f6tarkoitus Scouter Mobility Oy k\u00e4ytt\u00e4\u00e4 markkinointi- [&hellip;]","og_url":"https:\/\/scoutermobility.com\/fi\/tietosuojaseloste\/","og_site_name":"Scouter","article_publisher":"https:\/\/www.facebook.com\/Scouter-LMV-626339257809619\/","article_modified_time":"2020-01-16T14:57:32+00:00","og_image":[{"width":1200,"height":630,"url":"https:\/\/scoutermobility.com\/wp-content\/uploads\/2019\/06\/scouter_featured_image.jpg","type":"image\/jpeg"}],"twitter_card":"summary_large_image","twitter_site":"@scouterl","twitter_misc":{"Arvioitu lukuaika":"3 minuuttia"},"schema":{"@context":"https:\/\/schema.org","@graph":[{"@type":"WebPage","@id":"https:\/\/scoutermobility.com\/fi\/tietosuojaseloste\/","url":"https:\/\/scoutermobility.com\/fi\/tietosuojaseloste\/","name":"Tietosuojaseloste &mdash; Scouter","isPartOf":{"@id":"https:\/\/scoutermobility.com\/fi\/#website"},"datePublished":"2019-06-05T11:05:48+00:00","dateModified":"2020-01-16T14:57:32+00:00","breadcrumb":{"@id":"https:\/\/scoutermobility.com\/fi\/tietosuojaseloste\/#breadcrumb"},"inLanguage":"fi","potentialAction":[{"@type":"ReadAction","target":["https:\/\/scoutermobility.com\/fi\/tietosuojaseloste\/"]}]},{"@type":"BreadcrumbList","@id":"https:\/\/scoutermobility.com\/fi\/tietosuojaseloste\/#breadcrumb","itemListElement":[{"@type":"ListItem","position":1,"name":"Home","item":"https:\/\/scoutermobility.com\/fi\/"},{"@type":"ListItem","position":2,"name":"Tietosuojaseloste"}]},{"@type":"WebSite","@id":"https:\/\/scoutermobility.com\/fi\/#website","url":"https:\/\/scoutermobility.com\/fi\/","name":"Scouter","description":"Your Journey: Embrace It, Share It, Go For It.","publisher":{"@id":"https:\/\/scoutermobility.com\/fi\/#organization"},"potentialAction":[{"@type":"SearchAction","target":{"@type":"EntryPoint","urlTemplate":"https:\/\/scoutermobility.com\/fi\/?s={search_term_string}"},"query-input":"required name=search_term_string"}],"inLanguage":"fi"},{"@type":"Organization","@id":"https:\/\/scoutermobility.com\/fi\/#organization","name":"Rideascout Oy","url":"https:\/\/scoutermobility.com\/fi\/","logo":{"@type":"ImageObject","inLanguage":"fi","@id":"https:\/\/scoutermobility.com\/fi\/#\/schema\/logo\/image\/","url":"https:\/\/scoutermobility.com\/wp-content\/uploads\/2019\/06\/Scouter_slogan_black.svg","contentUrl":"https:\/\/scoutermobility.com\/wp-content\/uploads\/2019\/06\/Scouter_slogan_black.svg","width":845,"height":554,"caption":"Rideascout Oy"},"image":{"@id":"https:\/\/scoutermobility.com\/fi\/#\/schema\/logo\/image\/"},"sameAs":["https:\/\/www.facebook.com\/Scouter-LMV-626339257809619\/","https:\/\/twitter.com\/scouterl","https:\/\/www.instagram.com\/scouterlmv\/","https:\/\/www.linkedin.com\/in\/scouter-lmv-a83781180\/"]}]}},"_links":{"self":[{"href":"https:\/\/scoutermobility.com\/fi\/wp-json\/wp\/v2\/pages\/288"}],"collection":[{"href":"https:\/\/scoutermobility.com\/fi\/wp-json\/wp\/v2\/pages"}],"about":[{"href":"https:\/\/scoutermobility.com\/fi\/wp-json\/wp\/v2\/types\/page"}],"author":[{"embeddable":true,"href":"https:\/\/scoutermobility.com\/fi\/wp-json\/wp\/v2\/users\/1"}],"replies":[{"embeddable":true,"href":"https:\/\/scoutermobility.com\/fi\/wp-json\/wp\/v2\/comments?post=288"}],"version-history":[{"count":0,"href":"https:\/\/scoutermobility.com\/fi\/wp-json\/wp\/v2\/pages\/288\/revisions"}],"wp:attachment":[{"href":"https:\/\/scoutermobility.com\/fi\/wp-json\/wp\/v2\/media?parent=288"}],"curies":[{"name":"wp","href":"https:\/\/api.w.org\/{rel}","templated":true}]}}