{"id":246,"date":"2019-06-05T12:22:42","date_gmt":"2019-06-05T09:22:42","guid":{"rendered":"https:\/\/scouter.fi\/?page_id=246"},"modified":"2020-01-23T14:22:03","modified_gmt":"2020-01-23T12:22:03","slug":"yleisimmat-kysymykset-ja-vastaukset","status":"publish","type":"page","link":"https:\/\/scoutermobility.com\/fi\/yleisimmat-kysymykset-ja-vastaukset\/","title":{"rendered":"Yleisimm\u00e4t kysymykset ja vastaukset"},"content":{"rendered":"<p>[et_pb_section fb_built=&#8221;1&#8243; _builder_version=&#8221;3.23.3&#8243; background_image=&#8221;https:\/\/scoutermobility.com\/wp-content\/uploads\/2019\/06\/Scouter_background_ukk.jpg&#8221;][et_pb_row _builder_version=&#8221;3.25&#8243;][et_pb_column type=&#8221;4_4&#8243; _builder_version=&#8221;3.25&#8243; custom_padding=&#8221;|||&#8221; custom_padding__hover=&#8221;|||&#8221;][et_pb_text _builder_version=&#8221;3.27.4&#8243;]<\/p>\n<h1>Yleisimm\u00e4t kysymykset ja vastaukset<\/h1>\n<p>[\/et_pb_text][\/et_pb_column][\/et_pb_row][et_pb_row _builder_version=&#8221;3.25&#8243; module_alignment=&#8221;center&#8221;][et_pb_column type=&#8221;4_4&#8243; _builder_version=&#8221;3.25&#8243; custom_padding=&#8221;|||&#8221; custom_padding__hover=&#8221;|||&#8221;][et_pb_toggle title=&#8221;Tarvitsenko ajokortin ajaakseni Scouterilla?&#8221; open_toggle_text_color=&#8221;#111111&#8243; icon_color=&#8221;#111&#8243; _builder_version=&#8221;4.2.2&#8243; title_text_color=&#8221;#111111&#8243; title_font=&#8221;||||||||&#8221; background_color=&#8221;#ffffff&#8221; max_width=&#8221;756px&#8221; hover_enabled=&#8221;0&#8243; border_width_all=&#8221;0px&#8221; admin_label=&#8221;Henkil\u00f6&#8221;]<\/p>\n<p>Scouterilla ajaminen ei vaadi ajokorttia.<\/p>\n<p>[\/et_pb_toggle][et_pb_toggle title=&#8221;Mink\u00e4 ik\u00e4isen\u00e4 saan ajaa Scouterilla?&#8221; open_toggle_text_color=&#8221;#111111&#8243; icon_color=&#8221;#111&#8243; _builder_version=&#8221;3.23.3&#8243; title_text_color=&#8221;#111111&#8243; title_font=&#8221;||||||||&#8221; background_color=&#8221;#ffffff&#8221; max_width=&#8221;756px&#8221; border_width_all=&#8221;0px&#8221;]Scouterin ajamiseen ei ole ik\u00e4rajaa. Suosittelemme kuitenkin 12 vuoden ik\u00e4\u00e4.[\/et_pb_toggle][et_pb_toggle title=&#8221;Tarvitsenko vakuutuksen?&#8221; open_toggle_text_color=&#8221;#111111&#8243; icon_color=&#8221;#111&#8243; _builder_version=&#8221;3.24.1&#8243; title_text_color=&#8221;#111111&#8243; title_font=&#8221;||||||||&#8221; background_color=&#8221;#ffffff&#8221; max_width=&#8221;756px&#8221; border_width_all=&#8221;0px&#8221;]Scouter kuuluu ajoneuvoluokkaan L1E-A ja se tarvitsee liikennevakuutuksen.[\/et_pb_toggle][et_pb_toggle title=&#8221;Miss\u00e4 voin ajaa Scouterilla?&#8221; open_toggle_text_color=&#8221;#111111&#8243; icon_color=&#8221;#111&#8243; _builder_version=&#8221;3.23.3&#8243; title_text_color=&#8221;#111111&#8243; title_font=&#8221;||||||||&#8221; background_color=&#8221;#ffffff&#8221; max_width=&#8221;756px&#8221; border_width_all=&#8221;0px&#8221;]Scouterilla voi ajaa kevyenliikenteenv\u00e4ylill\u00e4. Yleisesti voi ajatella, ett\u00e4 voit ajaa siell\u00e4 miss\u00e4 polkupy\u00f6r\u00e4ll\u00e4kin.[\/et_pb_toggle][et_pb_toggle title=&#8221;Onko Scouter tyyppihyv\u00e4ksytty?&#8221; open_toggle_text_color=&#8221;#111111&#8243; icon_color=&#8221;#111&#8243; _builder_version=&#8221;3.23.3&#8243; title_text_color=&#8221;#111111&#8243; title_font=&#8221;||||||||&#8221; background_color=&#8221;#ffffff&#8221; max_width=&#8221;756px&#8221; border_width_all=&#8221;0px&#8221;]Scouterin tyyppihyv\u00e4ksynt\u00e4prosessi on k\u00e4ynniss\u00e4. [\/et_pb_toggle][et_pb_toggle title=&#8221;Kuinka pitk\u00e4\u00e4n akku kest\u00e4\u00e4?&#8221; open_toggle_text_color=&#8221;#111111&#8243; icon_color=&#8221;#111&#8243; _builder_version=&#8221;3.23.3&#8243; title_text_color=&#8221;#111111&#8243; title_font=&#8221;||||||||&#8221; background_color=&#8221;#ffffff&#8221; max_width=&#8221;756px&#8221; border_width_all=&#8221;0px&#8221;]Scouterin akulla voit ajaa 25-35 kilometri\u00e4 maastosta riippuen. [\/et_pb_toggle][et_pb_toggle title=&#8221;Kulkeeko Scouter ilman akkua?&#8221; open_toggle_text_color=&#8221;#111111&#8243; icon_color=&#8221;#111&#8243; _builder_version=&#8221;3.23.3&#8243; title_text_color=&#8221;#111111&#8243; title_font=&#8221;||||||||&#8221; background_color=&#8221;#ffffff&#8221; max_width=&#8221;756px&#8221; border_width_all=&#8221;0px&#8221;]Polkeminen vaikuttaa Scouterin kulkemiseen, joten voit l\u00e4hte\u00e4 liikkeelle polkemalla. Polkeminen on kuitenkin suunniteltu varaamaan akkua. [\/et_pb_toggle][et_pb_toggle title=&#8221;Kuinka pitk\u00e4\u00e4n akun lataaminen kest\u00e4\u00e4?&#8221; open_toggle_text_color=&#8221;#111111&#8243; icon_color=&#8221;#111&#8243; _builder_version=&#8221;3.23.3&#8243; title_text_color=&#8221;#111111&#8243; title_font=&#8221;||||||||&#8221; background_color=&#8221;#ffffff&#8221; max_width=&#8221;756px&#8221; border_width_all=&#8221;0px&#8221;]Akku latautuu t\u00e4yteen noin yhdess\u00e4 tunnissa.[\/et_pb_toggle][et_pb_toggle title=&#8221;Miss\u00e4 voin huoltaa Scouterin?&#8221; open_toggle_text_color=&#8221;#111111&#8243; icon_color=&#8221;#111&#8243; disabled_on=&#8221;on|on|on&#8221; _builder_version=&#8221;3.24.1&#8243; title_text_color=&#8221;#111111&#8243; title_font=&#8221;||||||||&#8221; background_color=&#8221;#ffffff&#8221; max_width=&#8221;756px&#8221; border_width_all=&#8221;0px&#8221; disabled=&#8221;on&#8221;][\/et_pb_toggle][et_pb_toggle title=&#8221;Mit\u00e4 jos Scouter menee rikki?&#8221; open_toggle_text_color=&#8221;#111111&#8243; icon_color=&#8221;#111&#8243; disabled_on=&#8221;on|on|on&#8221; _builder_version=&#8221;3.24.1&#8243; title_text_color=&#8221;#111111&#8243; title_font=&#8221;||||||||&#8221; background_color=&#8221;#ffffff&#8221; max_width=&#8221;756px&#8221; border_width_all=&#8221;0px&#8221; disabled=&#8221;on&#8221;][\/et_pb_toggle][et_pb_toggle title=&#8221;Kuinka pitk\u00e4 takuuaika Scouterilla on?&#8221; open_toggle_text_color=&#8221;#111111&#8243; icon_color=&#8221;#111&#8243; disabled_on=&#8221;on|on|on&#8221; _builder_version=&#8221;3.24.1&#8243; title_text_color=&#8221;#111111&#8243; title_font=&#8221;||||||||&#8221; background_color=&#8221;#ffffff&#8221; max_width=&#8221;756px&#8221; border_width_all=&#8221;0px&#8221; disabled=&#8221;on&#8221;][\/et_pb_toggle][\/et_pb_column][\/et_pb_row][\/et_pb_section]<\/p>\n","protected":false},"excerpt":{"rendered":"<p>Yleisimm\u00e4t kysymykset ja vastauksetScouterilla ajaminen ei vaadi ajokorttia. Scouterin ajamiseen ei ole ik\u00e4rajaa. Suosittelemme kuitenkin 12 vuoden ik\u00e4\u00e4.Scouter kuuluu ajoneuvoluokkaan L1E-A ja se tarvitsee liikennevakuutuksen.Scouterilla voi ajaa kevyenliikenteenv\u00e4ylill\u00e4. Yleisesti voi ajatella, ett\u00e4 voit ajaa siell\u00e4 miss\u00e4 polkupy\u00f6r\u00e4ll\u00e4kin.Scouterin tyyppihyv\u00e4ksynt\u00e4prosessi on k\u00e4ynniss\u00e4. Scouterin akulla voit ajaa 25-35 kilometri\u00e4 maastosta riippuen. Polkeminen vaikuttaa Scouterin kulkemiseen, joten voit l\u00e4hte\u00e4 [&hellip;]<\/p>\n","protected":false},"author":1,"featured_media":0,"parent":0,"menu_order":0,"comment_status":"closed","ping_status":"closed","template":"","meta":{"_et_pb_use_builder":"on","_et_pb_old_content":"","_et_gb_content_width":"","footnotes":""},"yoast_head":"<!-- This site is optimized with the Yoast SEO plugin v21.0 - https:\/\/yoast.com\/wordpress\/plugins\/seo\/ -->\n<title>Scouter &mdash; Yleisimm\u00e4t kysymykset ja vastaukset<\/title>\n<meta name=\"robots\" content=\"index, follow, max-snippet:-1, max-image-preview:large, max-video-preview:-1\" \/>\n<link rel=\"canonical\" href=\"https:\/\/scoutermobility.com\/fi\/yleisimmat-kysymykset-ja-vastaukset\/\" \/>\n<meta property=\"og:locale\" content=\"fi_FI\" \/>\n<meta property=\"og:type\" content=\"article\" \/>\n<meta property=\"og:title\" content=\"Scouter &mdash; Yleisimm\u00e4t kysymykset ja vastaukset\" \/>\n<meta property=\"og:description\" content=\"Yleisimm\u00e4t kysymykset ja vastauksetScouterilla ajaminen ei vaadi ajokorttia. Scouterin ajamiseen ei ole ik\u00e4rajaa. Suosittelemme kuitenkin 12 vuoden ik\u00e4\u00e4.Scouter kuuluu ajoneuvoluokkaan L1E-A ja se tarvitsee liikennevakuutuksen.Scouterilla voi ajaa kevyenliikenteenv\u00e4ylill\u00e4. Yleisesti voi ajatella, ett\u00e4 voit ajaa siell\u00e4 miss\u00e4 polkupy\u00f6r\u00e4ll\u00e4kin.Scouterin tyyppihyv\u00e4ksynt\u00e4prosessi on k\u00e4ynniss\u00e4. Scouterin akulla voit ajaa 25-35 kilometri\u00e4 maastosta riippuen. Polkeminen vaikuttaa Scouterin kulkemiseen, joten voit l\u00e4hte\u00e4 [&hellip;]\" \/>\n<meta property=\"og:url\" content=\"https:\/\/scoutermobility.com\/fi\/yleisimmat-kysymykset-ja-vastaukset\/\" \/>\n<meta property=\"og:site_name\" content=\"Scouter\" \/>\n<meta property=\"article:publisher\" content=\"https:\/\/www.facebook.com\/Scouter-LMV-626339257809619\/\" \/>\n<meta property=\"article:modified_time\" content=\"2020-01-23T12:22:03+00:00\" \/>\n<meta property=\"og:image\" content=\"https:\/\/scoutermobility.com\/wp-content\/uploads\/2019\/06\/scouter_featured_image.jpg\" \/>\n\t<meta property=\"og:image:width\" content=\"1200\" \/>\n\t<meta property=\"og:image:height\" content=\"630\" \/>\n\t<meta property=\"og:image:type\" content=\"image\/jpeg\" \/>\n<meta name=\"twitter:card\" content=\"summary_large_image\" \/>\n<meta name=\"twitter:site\" content=\"@scouterl\" \/>\n<meta name=\"twitter:label1\" content=\"Arvioitu lukuaika\" \/>\n\t<meta name=\"twitter:data1\" content=\"3 minuuttia\" \/>\n<script type=\"application\/ld+json\" class=\"yoast-schema-graph\">{\"@context\":\"https:\/\/schema.org\",\"@graph\":[{\"@type\":\"WebPage\",\"@id\":\"https:\/\/scoutermobility.com\/fi\/yleisimmat-kysymykset-ja-vastaukset\/\",\"url\":\"https:\/\/scoutermobility.com\/fi\/yleisimmat-kysymykset-ja-vastaukset\/\",\"name\":\"Scouter &mdash; Yleisimm\u00e4t kysymykset ja vastaukset\",\"isPartOf\":{\"@id\":\"https:\/\/scoutermobility.com\/fi\/#website\"},\"datePublished\":\"2019-06-05T09:22:42+00:00\",\"dateModified\":\"2020-01-23T12:22:03+00:00\",\"breadcrumb\":{\"@id\":\"https:\/\/scoutermobility.com\/fi\/yleisimmat-kysymykset-ja-vastaukset\/#breadcrumb\"},\"inLanguage\":\"fi\",\"potentialAction\":[{\"@type\":\"ReadAction\",\"target\":[\"https:\/\/scoutermobility.com\/fi\/yleisimmat-kysymykset-ja-vastaukset\/\"]}]},{\"@type\":\"BreadcrumbList\",\"@id\":\"https:\/\/scoutermobility.com\/fi\/yleisimmat-kysymykset-ja-vastaukset\/#breadcrumb\",\"itemListElement\":[{\"@type\":\"ListItem\",\"position\":1,\"name\":\"Home\",\"item\":\"https:\/\/scoutermobility.com\/fi\/\"},{\"@type\":\"ListItem\",\"position\":2,\"name\":\"Yleisimm\u00e4t kysymykset ja vastaukset\"}]},{\"@type\":\"WebSite\",\"@id\":\"https:\/\/scoutermobility.com\/fi\/#website\",\"url\":\"https:\/\/scoutermobility.com\/fi\/\",\"name\":\"Scouter\",\"description\":\"Your Journey: Embrace It, Share It, Go For It.\",\"publisher\":{\"@id\":\"https:\/\/scoutermobility.com\/fi\/#organization\"},\"potentialAction\":[{\"@type\":\"SearchAction\",\"target\":{\"@type\":\"EntryPoint\",\"urlTemplate\":\"https:\/\/scoutermobility.com\/fi\/?s={search_term_string}\"},\"query-input\":\"required name=search_term_string\"}],\"inLanguage\":\"fi\"},{\"@type\":\"Organization\",\"@id\":\"https:\/\/scoutermobility.com\/fi\/#organization\",\"name\":\"Rideascout Oy\",\"url\":\"https:\/\/scoutermobility.com\/fi\/\",\"logo\":{\"@type\":\"ImageObject\",\"inLanguage\":\"fi\",\"@id\":\"https:\/\/scoutermobility.com\/fi\/#\/schema\/logo\/image\/\",\"url\":\"https:\/\/scoutermobility.com\/wp-content\/uploads\/2019\/06\/Scouter_slogan_black.svg\",\"contentUrl\":\"https:\/\/scoutermobility.com\/wp-content\/uploads\/2019\/06\/Scouter_slogan_black.svg\",\"width\":845,\"height\":554,\"caption\":\"Rideascout Oy\"},\"image\":{\"@id\":\"https:\/\/scoutermobility.com\/fi\/#\/schema\/logo\/image\/\"},\"sameAs\":[\"https:\/\/www.facebook.com\/Scouter-LMV-626339257809619\/\",\"https:\/\/twitter.com\/scouterl\",\"https:\/\/www.instagram.com\/scouterlmv\/\",\"https:\/\/www.linkedin.com\/in\/scouter-lmv-a83781180\/\"]}]}<\/script>\n<!-- \/ Yoast SEO plugin. -->","yoast_head_json":{"title":"Scouter &mdash; Yleisimm\u00e4t kysymykset ja vastaukset","robots":{"index":"index","follow":"follow","max-snippet":"max-snippet:-1","max-image-preview":"max-image-preview:large","max-video-preview":"max-video-preview:-1"},"canonical":"https:\/\/scoutermobility.com\/fi\/yleisimmat-kysymykset-ja-vastaukset\/","og_locale":"fi_FI","og_type":"article","og_title":"Scouter &mdash; Yleisimm\u00e4t kysymykset ja vastaukset","og_description":"Yleisimm\u00e4t kysymykset ja vastauksetScouterilla ajaminen ei vaadi ajokorttia. Scouterin ajamiseen ei ole ik\u00e4rajaa. Suosittelemme kuitenkin 12 vuoden ik\u00e4\u00e4.Scouter kuuluu ajoneuvoluokkaan L1E-A ja se tarvitsee liikennevakuutuksen.Scouterilla voi ajaa kevyenliikenteenv\u00e4ylill\u00e4. Yleisesti voi ajatella, ett\u00e4 voit ajaa siell\u00e4 miss\u00e4 polkupy\u00f6r\u00e4ll\u00e4kin.Scouterin tyyppihyv\u00e4ksynt\u00e4prosessi on k\u00e4ynniss\u00e4. Scouterin akulla voit ajaa 25-35 kilometri\u00e4 maastosta riippuen. Polkeminen vaikuttaa Scouterin kulkemiseen, joten voit l\u00e4hte\u00e4 [&hellip;]","og_url":"https:\/\/scoutermobility.com\/fi\/yleisimmat-kysymykset-ja-vastaukset\/","og_site_name":"Scouter","article_publisher":"https:\/\/www.facebook.com\/Scouter-LMV-626339257809619\/","article_modified_time":"2020-01-23T12:22:03+00:00","og_image":[{"width":1200,"height":630,"url":"https:\/\/scoutermobility.com\/wp-content\/uploads\/2019\/06\/scouter_featured_image.jpg","type":"image\/jpeg"}],"twitter_card":"summary_large_image","twitter_site":"@scouterl","twitter_misc":{"Arvioitu lukuaika":"3 minuuttia"},"schema":{"@context":"https:\/\/schema.org","@graph":[{"@type":"WebPage","@id":"https:\/\/scoutermobility.com\/fi\/yleisimmat-kysymykset-ja-vastaukset\/","url":"https:\/\/scoutermobility.com\/fi\/yleisimmat-kysymykset-ja-vastaukset\/","name":"Scouter &mdash; Yleisimm\u00e4t kysymykset ja vastaukset","isPartOf":{"@id":"https:\/\/scoutermobility.com\/fi\/#website"},"datePublished":"2019-06-05T09:22:42+00:00","dateModified":"2020-01-23T12:22:03+00:00","breadcrumb":{"@id":"https:\/\/scoutermobility.com\/fi\/yleisimmat-kysymykset-ja-vastaukset\/#breadcrumb"},"inLanguage":"fi","potentialAction":[{"@type":"ReadAction","target":["https:\/\/scoutermobility.com\/fi\/yleisimmat-kysymykset-ja-vastaukset\/"]}]},{"@type":"BreadcrumbList","@id":"https:\/\/scoutermobility.com\/fi\/yleisimmat-kysymykset-ja-vastaukset\/#breadcrumb","itemListElement":[{"@type":"ListItem","position":1,"name":"Home","item":"https:\/\/scoutermobility.com\/fi\/"},{"@type":"ListItem","position":2,"name":"Yleisimm\u00e4t kysymykset ja vastaukset"}]},{"@type":"WebSite","@id":"https:\/\/scoutermobility.com\/fi\/#website","url":"https:\/\/scoutermobility.com\/fi\/","name":"Scouter","description":"Your Journey: Embrace It, Share It, Go For It.","publisher":{"@id":"https:\/\/scoutermobility.com\/fi\/#organization"},"potentialAction":[{"@type":"SearchAction","target":{"@type":"EntryPoint","urlTemplate":"https:\/\/scoutermobility.com\/fi\/?s={search_term_string}"},"query-input":"required name=search_term_string"}],"inLanguage":"fi"},{"@type":"Organization","@id":"https:\/\/scoutermobility.com\/fi\/#organization","name":"Rideascout Oy","url":"https:\/\/scoutermobility.com\/fi\/","logo":{"@type":"ImageObject","inLanguage":"fi","@id":"https:\/\/scoutermobility.com\/fi\/#\/schema\/logo\/image\/","url":"https:\/\/scoutermobility.com\/wp-content\/uploads\/2019\/06\/Scouter_slogan_black.svg","contentUrl":"https:\/\/scoutermobility.com\/wp-content\/uploads\/2019\/06\/Scouter_slogan_black.svg","width":845,"height":554,"caption":"Rideascout Oy"},"image":{"@id":"https:\/\/scoutermobility.com\/fi\/#\/schema\/logo\/image\/"},"sameAs":["https:\/\/www.facebook.com\/Scouter-LMV-626339257809619\/","https:\/\/twitter.com\/scouterl","https:\/\/www.instagram.com\/scouterlmv\/","https:\/\/www.linkedin.com\/in\/scouter-lmv-a83781180\/"]}]}},"_links":{"self":[{"href":"https:\/\/scoutermobility.com\/fi\/wp-json\/wp\/v2\/pages\/246"}],"collection":[{"href":"https:\/\/scoutermobility.com\/fi\/wp-json\/wp\/v2\/pages"}],"about":[{"href":"https:\/\/scoutermobility.com\/fi\/wp-json\/wp\/v2\/types\/page"}],"author":[{"embeddable":true,"href":"https:\/\/scoutermobility.com\/fi\/wp-json\/wp\/v2\/users\/1"}],"replies":[{"embeddable":true,"href":"https:\/\/scoutermobility.com\/fi\/wp-json\/wp\/v2\/comments?post=246"}],"version-history":[{"count":0,"href":"https:\/\/scoutermobility.com\/fi\/wp-json\/wp\/v2\/pages\/246\/revisions"}],"wp:attachment":[{"href":"https:\/\/scoutermobility.com\/fi\/wp-json\/wp\/v2\/media?parent=246"}],"curies":[{"name":"wp","href":"https:\/\/api.w.org\/{rel}","templated":true}]}}