{"id":179,"date":"2019-06-05T10:41:27","date_gmt":"2019-06-05T07:41:27","guid":{"rendered":"https:\/\/scouter.fi\/?page_id=179"},"modified":"2022-01-12T16:15:00","modified_gmt":"2022-01-12T14:15:00","slug":"tarinamme","status":"publish","type":"page","link":"https:\/\/scoutermobility.com\/fi\/tarinamme\/","title":{"rendered":"Tarinamme"},"content":{"rendered":"<p>[et_pb_section fb_built=&#8221;1&#8243; fullwidth=&#8221;on&#8221; _builder_version=&#8221;3.23.3&#8243; global_colors_info=&#8221;{}&#8221;][et_pb_fullwidth_header title=&#8221;MEID\u00c4N MISSIOMME&#8221; subhead=&#8221;on luoda p\u00e4\u00e4st\u00f6t\u00f6n, turvallinen ja hauska liikkumisratkaisu, joka aktivoi ihmisi\u00e4 terveemp\u00e4\u00e4n el\u00e4m\u00e4\u00e4n&#8221; text_orientation=&#8221;center&#8221; header_fullscreen=&#8221;on&#8221; button_one_url=&#8221;#&#8221; button_two_url=&#8221;#&#8221; background_overlay_color=&#8221;rgba(0,0,0,0.3)&#8221; content_max_width=&#8221;60%&#8221; content_max_width_tablet=&#8221;&#8221; content_max_width_phone=&#8221;100%&#8221; content_max_width_last_edited=&#8221;on|phone&#8221; module_class=&#8221;page-header&#8221; _builder_version=&#8221;4.0.2&#8243; title_font=&#8221;|800||on|||||&#8221; title_text_align=&#8221;center&#8221; title_font_size=&#8221;3.5vw&#8221; title_line_height=&#8221;1.5em&#8221; content_font=&#8221;||||||||&#8221; subhead_font=&#8221;|800|||||||&#8221; subhead_font_size=&#8221;2.3vw&#8221; subhead_line_height=&#8221;1.2em&#8221; background_color=&#8221;#ffffff&#8221; background_image=&#8221;https:\/\/scoutermobility.com\/wp-content\/uploads\/2019\/06\/teinit-ja-koira2.jpg&#8221; title_font_size_tablet=&#8221;&#8221; title_font_size_phone=&#8221;40px&#8221; title_font_size_last_edited=&#8221;on|phone&#8221; subhead_font_size_tablet=&#8221;&#8221; subhead_font_size_phone=&#8221;20px&#8221; subhead_font_size_last_edited=&#8221;on|desktop&#8221; custom_css_logo=&#8221;width: 35%!important;||max-width: 300px;&#8221; custom_css_title=&#8221;font-weight: 900!important;&#8221; custom_css_subtitle=&#8221;max-width:900px;||margin: 0 auto;&#8221; global_colors_info=&#8221;{}&#8221;][\/et_pb_fullwidth_header][\/et_pb_section][et_pb_section fb_built=&#8221;1&#8243; next_background_color=&#8221;#ffffff&#8221; _builder_version=&#8221;3.24&#8243; background_image=&#8221;https:\/\/scoutermobility.com\/wp-content\/uploads\/2019\/06\/Scouter_background1_frontpage.jpg&#8221; custom_padding=&#8221;100px||140px||false&#8221; bottom_divider_style=&#8221;asymmetric&#8221; bottom_divider_flip=&#8221;vertical&#8221; global_colors_info=&#8221;{}&#8221;][et_pb_row column_structure=&#8221;1_4,3_4&#8243; make_equal=&#8221;on&#8221; _builder_version=&#8221;3.25&#8243; max_width=&#8221;880px&#8221; module_alignment=&#8221;center&#8221; custom_css_main_element=&#8221;align-items:center;&#8221; global_colors_info=&#8221;{}&#8221;][et_pb_column type=&#8221;1_4&#8243; _builder_version=&#8221;3.25&#8243; custom_padding=&#8221;|||&#8221; global_colors_info=&#8221;{}&#8221; custom_padding__hover=&#8221;|||&#8221;][et_pb_text _builder_version=&#8221;3.24.1&#8243; text_font=&#8221;|700|||||||&#8221; text_font_size=&#8221;30px&#8221; text_line_height=&#8221;1em&#8221; header_font=&#8221;||||||||&#8221; header_2_font=&#8221;|800|||||||&#8221; header_2_text_align=&#8221;right&#8221; header_2_font_size=&#8221;36px&#8221; header_2_line_height=&#8221;1.4em&#8221; text_orientation=&#8221;right&#8221; header_2_text_align_tablet=&#8221;&#8221; header_2_text_align_phone=&#8221;left&#8221; header_2_text_align_last_edited=&#8221;on|phone&#8221; header_2_font_size_tablet=&#8221;&#8221; header_2_font_size_phone=&#8221;30px&#8221; header_2_font_size_last_edited=&#8221;on|phone&#8221; text_orientation_tablet=&#8221;&#8221; text_orientation_phone=&#8221;left&#8221; text_orientation_last_edited=&#8221;on|phone&#8221; text_text_align=&#8221;right&#8221; global_colors_info=&#8221;{}&#8221; text_text_align_phone=&#8221;left&#8221; text_text_align_last_edited=&#8221;on|phone&#8221; text_text_align_tablet=&#8221;right&#8221;]<\/p>\n<h2>T\u00e4st\u00e4 kaikki l\u00e4hti<\/h2>\n<p>[\/et_pb_text][\/et_pb_column][et_pb_column type=&#8221;3_4&#8243; _builder_version=&#8221;3.25&#8243; custom_padding=&#8221;|||&#8221; global_colors_info=&#8221;{}&#8221; custom_padding__hover=&#8221;|||&#8221;][et_pb_text admin_label=&#8221;Teksti&#8221; _builder_version=&#8221;3.27.4&#8243; text_font=&#8221;||||||||&#8221; text_line_height=&#8221;1.3em&#8221; header_font=&#8221;||||||||&#8221; width_tablet=&#8221;80%&#8221; width_phone=&#8221;100%&#8221; width_last_edited=&#8221;on|phone&#8221; global_colors_info=&#8221;{}&#8221;]<\/p>\n<p>Meille 60-luvun lapsille p\u00e4\u00e4asiallinen kulkuv\u00e4line oli polkupy\u00f6r\u00e4. Fillarilla ajettiin kouluun, harrastuksiin ja kavereille. Aluksi fillarit olivat ajan hengen mukaisesti k\u00e4ytettyj\u00e4, siskon vanhoja ja sukulaisilta saatuja.<\/p>\n<p>Parempia polkupy\u00f6ri\u00e4 alkoi ilmesty\u00e4 Pitk\u00e4sen fillarikellariin 80-luvulla. Ensin tuli Tunturi retkipy\u00f6r\u00e4 ja sen j\u00e4lkeen Peugeot kilpapy\u00f6r\u00e4. Py\u00f6r\u00e4harrastus eteni t\u00e4st\u00e4 maastopy\u00f6r\u00e4\u00e4n ja hybridiin. Viimeisin hankinta menopeliksi oli t\u00e4ysjousto MTB. Py\u00f6r\u00e4ily oli juurtunut osaksi el\u00e4m\u00e4ntapaa.<\/p>\n<p>[\/et_pb_text][\/et_pb_column][\/et_pb_row][et_pb_row _builder_version=&#8221;3.25&#8243; global_colors_info=&#8221;{}&#8221;][et_pb_column type=&#8221;4_4&#8243; _builder_version=&#8221;3.25&#8243; custom_padding=&#8221;|||&#8221; global_colors_info=&#8221;{}&#8221; custom_padding__hover=&#8221;|||&#8221;][et_pb_text _builder_version=&#8221;3.27.4&#8243; text_font=&#8221;Spirax|700|||||||&#8221; text_font_size=&#8221;100px&#8221; header_font=&#8221;||||||||&#8221; header_3_font=&#8221;||on||||||&#8221; header_3_font_size=&#8221;30px&#8221; header_3_line_height=&#8221;1.4em&#8221; text_orientation=&#8221;center&#8221; width=&#8221;100%&#8221; custom_margin=&#8221;||0px&#8221; custom_padding=&#8221;32px||&#8221; text_text_align=&#8221;center&#8221; global_colors_info=&#8221;{}&#8221;]\u201c[\/et_pb_text][et_pb_text _builder_version=&#8221;3.27.4&#8243; text_font=&#8221;||||||||&#8221; header_font=&#8221;||||||||&#8221; header_3_font=&#8221;||on||||||&#8221; header_3_font_size=&#8221;30px&#8221; header_3_line_height=&#8221;1.4em&#8221; text_orientation=&#8221;center&#8221; width=&#8221;100%&#8221; header_3_font_size_tablet=&#8221;&#8221; header_3_font_size_phone=&#8221;24px&#8221; header_3_font_size_last_edited=&#8221;on|phone&#8221; text_text_align=&#8221;center&#8221; global_colors_info=&#8221;{}&#8221;]<\/p>\n<h3>Halusimme luoda ihmisen kokoisen ratkaisun p\u00e4\u00e4st\u00f6tt\u00f6m\u00e4\u00e4n liikkumiseen.<\/h3>\n<p>Petri Pitk\u00e4nen<br \/>\nToimitusjohtaja, Scouterin keksij\u00e4[\/et_pb_text][\/et_pb_column][\/et_pb_row][\/et_pb_section][et_pb_section fb_built=&#8221;1&#8243; _builder_version=&#8221;3.23.3&#8243; global_colors_info=&#8221;{}&#8221;][et_pb_row use_custom_gutter=&#8221;on&#8221; gutter_width=&#8221;2&#8243; _builder_version=&#8221;3.25&#8243; global_colors_info=&#8221;{}&#8221;][et_pb_column type=&#8221;4_4&#8243; _builder_version=&#8221;3.25&#8243; custom_padding=&#8221;|||&#8221; global_colors_info=&#8221;{}&#8221; custom_padding__hover=&#8221;|||&#8221;][et_pb_text _builder_version=&#8221;3.27.4&#8243; text_font=&#8221;|700|||||||&#8221; text_font_size=&#8221;30px&#8221; text_line_height=&#8221;1em&#8221; header_font=&#8221;||||||||&#8221; header_2_font=&#8221;|800|||||||&#8221; header_2_text_align=&#8221;center&#8221; header_2_font_size=&#8221;36px&#8221; header_2_line_height=&#8221;1.1em&#8221; header_2_font_size_tablet=&#8221;&#8221; header_2_font_size_phone=&#8221;30px&#8221; header_2_font_size_last_edited=&#8221;on|phone&#8221; global_colors_info=&#8221;{}&#8221;]<\/p>\n<h2>Idea s\u00e4hk\u00f6avusteiseen ajoneuvoon syntyi<\/h2>\n<p>[\/et_pb_text][\/et_pb_column][\/et_pb_row][et_pb_row column_structure=&#8221;1_2,1_2&#8243; _builder_version=&#8221;3.25&#8243; global_colors_info=&#8221;{}&#8221;][et_pb_column type=&#8221;1_2&#8243; _builder_version=&#8221;3.25&#8243; custom_padding=&#8221;|||&#8221; global_colors_info=&#8221;{}&#8221; custom_padding__hover=&#8221;|||&#8221;][et_pb_text _builder_version=&#8221;3.27.4&#8243; text_font=&#8221;||||||||&#8221; text_line_height=&#8221;1.3em&#8221; header_font=&#8221;||||||||&#8221; width_tablet=&#8221;80%&#8221; width_phone=&#8221;100%&#8221; width_last_edited=&#8221;on|phone&#8221; global_colors_info=&#8221;{}&#8221;]Tutkimus ja tuotekehityst\u00f6iss\u00e4 vier\u00e4hti l\u00e4hes 20 vuotta. Oman innovaatioyrityksen perustaminen johti vapaaseen trendien, ilmi\u00f6iden sek\u00e4 teknologioiden tutkimiseen ja havainnointiin.<\/p>\n<p>Idea s\u00e4hk\u00f6avusteisesta nelipy\u00f6r\u00e4isest\u00e4 kevyest\u00e4 ajoneuvosta syntyi vuonna 2012. Totesimme kaupungistumisen, ilmansaasteiden ja ruuhkautumisen keskell\u00e4 el\u00e4vien ihmisten tarvitsevan uudenlaisen tavan liikkua ja liikuttaa tavaroita. Tarjolla olevat vaihtoehdot olivat hankalia ja koska autoilla ajoa rajoitettaisiin ja jopa kiellett\u00e4isiin kaupunkien keskustoista, tarvittiin uusi liikkumisratkaisu.[\/et_pb_text][\/et_pb_column][et_pb_column type=&#8221;1_2&#8243; _builder_version=&#8221;3.25&#8243; custom_padding=&#8221;|||&#8221; global_colors_info=&#8221;{}&#8221; custom_padding__hover=&#8221;|||&#8221;][et_pb_text _builder_version=&#8221;3.27.4&#8243; text_font=&#8221;||||||||&#8221; text_line_height=&#8221;1.3em&#8221; header_font=&#8221;||||||||&#8221; width_tablet=&#8221;80%&#8221; width_phone=&#8221;100%&#8221; width_last_edited=&#8221;on|phone&#8221; global_colors_info=&#8221;{}&#8221;]<\/p>\n<p>Ideasta kehitettiin useiden eri alojen asiantuntijoiden kanssa yhdess\u00e4 tuotekonsepti ja ensimm\u00e4inen prototyyppi valmistui 2013. Jo heti alusta asti oli selv\u00e4\u00e4, ett\u00e4 kaksipaikkaisuus, nelipy\u00f6r\u00e4isyys ja modulaarisuus ovat keskeisimm\u00e4t elementit uudessa ajoneuvokonseptissa.<\/p>\n<p>Seuraavissa \u201dmuuleissa\u201d eli testattavissa prototyyppiajoneuvoissa alettiin olla karkeasti lopullisissa mitoissaan ja otettiin tietoisia askeleita kohti uudenlaista vaihteetonta voimansiirtopoljinj\u00e4rjestelm\u00e4\u00e4. T\u00e4ss\u00e4 vaiheessa kaikenlaista uutta oli kokeiltu, mutta oltiin viel\u00e4 monien ratkaistavien asioiden kanssa suunnitteluasteella.<\/p>\n<p>[\/et_pb_text][\/et_pb_column][\/et_pb_row][\/et_pb_section][et_pb_section fb_built=&#8221;1&#8243; prev_background_color=&#8221;#ffffff&#8221; _builder_version=&#8221;3.24&#8243; background_image=&#8221;https:\/\/scoutermobility.com\/wp-content\/uploads\/2019\/06\/Scouter_background2_frontpage.jpg&#8221; custom_padding=&#8221;140px||100px||false&#8221; top_divider_style=&#8221;asymmetric&#8221; top_divider_flip=&#8221;horizontal&#8221; global_colors_info=&#8221;{}&#8221;][et_pb_row column_structure=&#8221;2_5,3_5&#8243; make_equal=&#8221;on&#8221; _builder_version=&#8221;3.25&#8243; module_alignment=&#8221;center&#8221; custom_css_main_element=&#8221;align-items:center;&#8221; global_colors_info=&#8221;{}&#8221;][et_pb_column type=&#8221;2_5&#8243; _builder_version=&#8221;3.25&#8243; custom_padding=&#8221;|||&#8221; global_colors_info=&#8221;{}&#8221; custom_padding__hover=&#8221;|||&#8221;][et_pb_text _builder_version=&#8221;4.14.5&#8243; text_font=&#8221;|700|||||||&#8221; text_font_size=&#8221;30px&#8221; text_line_height=&#8221;1em&#8221; header_font=&#8221;||||||||&#8221; header_2_font=&#8221;|800|||||||&#8221; header_2_font_size=&#8221;36px&#8221; header_2_line_height=&#8221;1.4em&#8221; text_orientation=&#8221;right&#8221; hover_enabled=&#8221;0&#8243; header_2_text_align_tablet=&#8221;&#8221; header_2_text_align_phone=&#8221;left&#8221; header_2_text_align_last_edited=&#8221;on|phone&#8221; header_2_font_size_tablet=&#8221;&#8221; header_2_font_size_phone=&#8221;30px&#8221; header_2_font_size_last_edited=&#8221;on|phone&#8221; text_text_align=&#8221;right&#8221; global_colors_info=&#8221;{}&#8221; sticky_enabled=&#8221;0&#8243;]<\/p>\n<h2>Kehitysty\u00f6<\/h2>\n<h2>seuraavalle<\/h2>\n<h2>tasolle<\/h2>\n<p>[\/et_pb_text][\/et_pb_column][et_pb_column type=&#8221;3_5&#8243; _builder_version=&#8221;3.25&#8243; custom_padding=&#8221;|||&#8221; global_colors_info=&#8221;{}&#8221; custom_padding__hover=&#8221;|||&#8221;][et_pb_text _builder_version=&#8221;4.14.5&#8243; text_font=&#8221;||||||||&#8221; text_line_height=&#8221;1.3em&#8221; header_font=&#8221;||||||||&#8221; width_tablet=&#8221;80%&#8221; width_phone=&#8221;100%&#8221; width_last_edited=&#8221;on|phone&#8221; hover_enabled=&#8221;0&#8243; global_colors_info=&#8221;{}&#8221; sticky_enabled=&#8221;0&#8243;]<\/p>\n<p>Vuosina 2017 ja 2018 Scouterin kehitysty\u00f6 eteni pitkin harppauksin ja ratkaisimme monia suunnitteluun liittyvi\u00e4 haasteita. Kehitysty\u00f6n aikana saadut kokemukset ja tavoitteet kirjattiin selke\u00e4ksi ajoneuvon tekniseksi kuvaukseksi.<\/p>\n<p>Lopullinen l\u00e4pimurto tapahtui 2018, kun projektin viimeinen tuotantoa kohti etenev\u00e4 vaihe alkoi. Loimme uutta ajoneuvoluokkaa vastaavan muotoilun keskeisten tarpeittemme ohjaamina, joita ovat keveys, br\u00e4nd\u00e4tt\u00e4vyys ja modulaarisuus.<\/p>\n<p>[\/et_pb_text][\/et_pb_column][\/et_pb_row][\/et_pb_section][et_pb_section fb_built=&#8221;1&#8243; _builder_version=&#8221;3.23.3&#8243; global_colors_info=&#8221;{}&#8221;][et_pb_row _builder_version=&#8221;3.25&#8243; global_colors_info=&#8221;{}&#8221;][et_pb_column type=&#8221;4_4&#8243; _builder_version=&#8221;3.25&#8243; custom_padding=&#8221;|||&#8221; global_colors_info=&#8221;{}&#8221; custom_padding__hover=&#8221;|||&#8221;][et_pb_text _builder_version=&#8221;3.27.4&#8243; text_font=&#8221;||||||||&#8221; header_font=&#8221;||||||||&#8221; header_2_font=&#8221;|800|||||||&#8221; header_2_font_size=&#8221;36px&#8221; header_2_line_height=&#8221;1.2em&#8221; text_orientation=&#8221;center&#8221; custom_margin=&#8221;||8px&#8221; header_2_font_size_tablet=&#8221;&#8221; header_2_font_size_phone=&#8221;30px&#8221; header_2_font_size_last_edited=&#8221;on|phone&#8221; text_text_align=&#8221;center&#8221; global_colors_info=&#8221;{}&#8221;]<\/p>\n<h2>Scouter on syntynyt<\/h2>\n<p>[\/et_pb_text][et_pb_text _builder_version=&#8221;3.27.4&#8243; text_font=&#8221;||||||||&#8221; text_line_height=&#8221;1.3em&#8221; header_font=&#8221;||||||||&#8221; text_orientation=&#8221;center&#8221; width=&#8221;70%&#8221; width_tablet=&#8221;80%&#8221; width_phone=&#8221;100%&#8221; width_last_edited=&#8221;on|tablet&#8221; module_alignment=&#8221;center&#8221; text_text_align=&#8221;center&#8221; global_colors_info=&#8221;{}&#8221;]Tekninen toteutus alkoi valmistua ja maaliskuun 13. p\u00e4iv\u00e4n\u00e4 2019 olimme valmiit julkaisemaan uuden tuotteemme. Scouter LMV oli syntynyt.<\/p>\n<p>T\u00e4ll\u00e4 hetkell\u00e4 Pitk\u00e4sen hallissa on yli tusina fillaria ja kaksi Scouter Demoa.[\/et_pb_text][\/et_pb_column][\/et_pb_row][et_pb_row _builder_version=&#8221;3.25&#8243; global_colors_info=&#8221;{}&#8221;][et_pb_column type=&#8221;4_4&#8243; _builder_version=&#8221;3.25&#8243; custom_padding=&#8221;|||&#8221; global_colors_info=&#8221;{}&#8221; custom_padding__hover=&#8221;|||&#8221;][et_pb_image src=&#8221;https:\/\/scoutermobility.com\/wp-content\/uploads\/2019\/06\/Scouter_tech_frontpage.jpg&#8221; align=&#8221;center&#8221; _builder_version=&#8221;3.24&#8243; max_width=&#8221;800px&#8221; module_alignment=&#8221;center&#8221; global_colors_info=&#8221;{}&#8221;][\/et_pb_image][\/et_pb_column][\/et_pb_row][\/et_pb_section]<\/p>\n","protected":false},"excerpt":{"rendered":"<p>T\u00e4st\u00e4 kaikki l\u00e4htiMeille 60-luvun lapsille p\u00e4\u00e4asiallinen kulkuv\u00e4line oli polkupy\u00f6r\u00e4. Fillarilla ajettiin kouluun, harrastuksiin ja kavereille. Aluksi fillarit olivat ajan hengen mukaisesti k\u00e4ytettyj\u00e4, siskon vanhoja ja sukulaisilta saatuja. Parempia polkupy\u00f6ri\u00e4 alkoi ilmesty\u00e4 Pitk\u00e4sen fillarikellariin 80-luvulla. Ensin tuli Tunturi retkipy\u00f6r\u00e4 ja sen j\u00e4lkeen Peugeot kilpapy\u00f6r\u00e4. Py\u00f6r\u00e4harrastus eteni t\u00e4st\u00e4 maastopy\u00f6r\u00e4\u00e4n ja hybridiin. Viimeisin hankinta menopeliksi oli t\u00e4ysjousto MTB. [&hellip;]<\/p>\n","protected":false},"author":1,"featured_media":0,"parent":0,"menu_order":0,"comment_status":"closed","ping_status":"closed","template":"","meta":{"_et_pb_use_builder":"on","_et_pb_old_content":"","_et_gb_content_width":"","footnotes":""},"yoast_head":"<!-- This site is optimized with the Yoast SEO plugin v21.0 - https:\/\/yoast.com\/wordpress\/plugins\/seo\/ -->\n<title>Scouter &mdash; p\u00e4\u00e4st\u00f6t\u00f6n liikkumisratkaisu<\/title>\n<meta name=\"description\" content=\"Missionamme on tarjota s\u00e4hk\u00f6polkupy\u00f6r\u00e4, joka on p\u00e4\u00e4st\u00f6t\u00f6n, turvallinen ja hauska liikkumisratkaisu, joka aktivoi ihmisi\u00e4 terveemp\u00e4\u00e4n el\u00e4m\u00e4\u00e4n.\" \/>\n<meta name=\"robots\" content=\"index, follow, max-snippet:-1, max-image-preview:large, max-video-preview:-1\" \/>\n<link rel=\"canonical\" href=\"https:\/\/scoutermobility.com\/fi\/tarinamme\/\" \/>\n<meta property=\"og:locale\" content=\"fi_FI\" \/>\n<meta property=\"og:type\" content=\"article\" \/>\n<meta property=\"og:title\" content=\"Scouter &mdash; p\u00e4\u00e4st\u00f6t\u00f6n liikkumisratkaisu\" \/>\n<meta property=\"og:description\" content=\"Missionamme on tarjota s\u00e4hk\u00f6polkupy\u00f6r\u00e4, joka on p\u00e4\u00e4st\u00f6t\u00f6n, turvallinen ja hauska liikkumisratkaisu, joka aktivoi ihmisi\u00e4 terveemp\u00e4\u00e4n el\u00e4m\u00e4\u00e4n.\" \/>\n<meta property=\"og:url\" content=\"https:\/\/scoutermobility.com\/fi\/tarinamme\/\" \/>\n<meta property=\"og:site_name\" content=\"Scouter\" \/>\n<meta property=\"article:publisher\" content=\"https:\/\/www.facebook.com\/Scouter-LMV-626339257809619\/\" \/>\n<meta property=\"article:modified_time\" content=\"2022-01-12T14:15:00+00:00\" \/>\n<meta property=\"og:image\" content=\"https:\/\/scoutermobility.com\/wp-content\/uploads\/2019\/06\/scouter_featured_image.jpg\" \/>\n\t<meta property=\"og:image:width\" content=\"1200\" \/>\n\t<meta property=\"og:image:height\" content=\"630\" \/>\n\t<meta property=\"og:image:type\" content=\"image\/jpeg\" \/>\n<meta name=\"twitter:card\" content=\"summary_large_image\" \/>\n<meta name=\"twitter:site\" content=\"@scouterl\" \/>\n<meta name=\"twitter:label1\" content=\"Arvioitu lukuaika\" \/>\n\t<meta name=\"twitter:data1\" content=\"7 minuuttia\" \/>\n<script type=\"application\/ld+json\" class=\"yoast-schema-graph\">{\"@context\":\"https:\/\/schema.org\",\"@graph\":[{\"@type\":\"WebPage\",\"@id\":\"https:\/\/scoutermobility.com\/fi\/tarinamme\/\",\"url\":\"https:\/\/scoutermobility.com\/fi\/tarinamme\/\",\"name\":\"Scouter &mdash; p\u00e4\u00e4st\u00f6t\u00f6n liikkumisratkaisu\",\"isPartOf\":{\"@id\":\"https:\/\/scoutermobility.com\/fi\/#website\"},\"datePublished\":\"2019-06-05T07:41:27+00:00\",\"dateModified\":\"2022-01-12T14:15:00+00:00\",\"description\":\"Missionamme on tarjota s\u00e4hk\u00f6polkupy\u00f6r\u00e4, joka on p\u00e4\u00e4st\u00f6t\u00f6n, turvallinen ja hauska liikkumisratkaisu, joka aktivoi ihmisi\u00e4 terveemp\u00e4\u00e4n el\u00e4m\u00e4\u00e4n.\",\"breadcrumb\":{\"@id\":\"https:\/\/scoutermobility.com\/fi\/tarinamme\/#breadcrumb\"},\"inLanguage\":\"fi\",\"potentialAction\":[{\"@type\":\"ReadAction\",\"target\":[\"https:\/\/scoutermobility.com\/fi\/tarinamme\/\"]}]},{\"@type\":\"BreadcrumbList\",\"@id\":\"https:\/\/scoutermobility.com\/fi\/tarinamme\/#breadcrumb\",\"itemListElement\":[{\"@type\":\"ListItem\",\"position\":1,\"name\":\"Home\",\"item\":\"https:\/\/scoutermobility.com\/fi\/\"},{\"@type\":\"ListItem\",\"position\":2,\"name\":\"Tarinamme\"}]},{\"@type\":\"WebSite\",\"@id\":\"https:\/\/scoutermobility.com\/fi\/#website\",\"url\":\"https:\/\/scoutermobility.com\/fi\/\",\"name\":\"Scouter\",\"description\":\"Your Journey: Embrace It, Share It, Go For It.\",\"publisher\":{\"@id\":\"https:\/\/scoutermobility.com\/fi\/#organization\"},\"potentialAction\":[{\"@type\":\"SearchAction\",\"target\":{\"@type\":\"EntryPoint\",\"urlTemplate\":\"https:\/\/scoutermobility.com\/fi\/?s={search_term_string}\"},\"query-input\":\"required name=search_term_string\"}],\"inLanguage\":\"fi\"},{\"@type\":\"Organization\",\"@id\":\"https:\/\/scoutermobility.com\/fi\/#organization\",\"name\":\"Rideascout Oy\",\"url\":\"https:\/\/scoutermobility.com\/fi\/\",\"logo\":{\"@type\":\"ImageObject\",\"inLanguage\":\"fi\",\"@id\":\"https:\/\/scoutermobility.com\/fi\/#\/schema\/logo\/image\/\",\"url\":\"https:\/\/scoutermobility.com\/wp-content\/uploads\/2019\/06\/Scouter_slogan_black.svg\",\"contentUrl\":\"https:\/\/scoutermobility.com\/wp-content\/uploads\/2019\/06\/Scouter_slogan_black.svg\",\"width\":845,\"height\":554,\"caption\":\"Rideascout Oy\"},\"image\":{\"@id\":\"https:\/\/scoutermobility.com\/fi\/#\/schema\/logo\/image\/\"},\"sameAs\":[\"https:\/\/www.facebook.com\/Scouter-LMV-626339257809619\/\",\"https:\/\/twitter.com\/scouterl\",\"https:\/\/www.instagram.com\/scouterlmv\/\",\"https:\/\/www.linkedin.com\/in\/scouter-lmv-a83781180\/\"]}]}<\/script>\n<!-- \/ Yoast SEO plugin. -->","yoast_head_json":{"title":"Scouter &mdash; p\u00e4\u00e4st\u00f6t\u00f6n liikkumisratkaisu","description":"Missionamme on tarjota s\u00e4hk\u00f6polkupy\u00f6r\u00e4, joka on p\u00e4\u00e4st\u00f6t\u00f6n, turvallinen ja hauska liikkumisratkaisu, joka aktivoi ihmisi\u00e4 terveemp\u00e4\u00e4n el\u00e4m\u00e4\u00e4n.","robots":{"index":"index","follow":"follow","max-snippet":"max-snippet:-1","max-image-preview":"max-image-preview:large","max-video-preview":"max-video-preview:-1"},"canonical":"https:\/\/scoutermobility.com\/fi\/tarinamme\/","og_locale":"fi_FI","og_type":"article","og_title":"Scouter &mdash; p\u00e4\u00e4st\u00f6t\u00f6n liikkumisratkaisu","og_description":"Missionamme on tarjota s\u00e4hk\u00f6polkupy\u00f6r\u00e4, joka on p\u00e4\u00e4st\u00f6t\u00f6n, turvallinen ja hauska liikkumisratkaisu, joka aktivoi ihmisi\u00e4 terveemp\u00e4\u00e4n el\u00e4m\u00e4\u00e4n.","og_url":"https:\/\/scoutermobility.com\/fi\/tarinamme\/","og_site_name":"Scouter","article_publisher":"https:\/\/www.facebook.com\/Scouter-LMV-626339257809619\/","article_modified_time":"2022-01-12T14:15:00+00:00","og_image":[{"width":1200,"height":630,"url":"https:\/\/scoutermobility.com\/wp-content\/uploads\/2019\/06\/scouter_featured_image.jpg","type":"image\/jpeg"}],"twitter_card":"summary_large_image","twitter_site":"@scouterl","twitter_misc":{"Arvioitu lukuaika":"7 minuuttia"},"schema":{"@context":"https:\/\/schema.org","@graph":[{"@type":"WebPage","@id":"https:\/\/scoutermobility.com\/fi\/tarinamme\/","url":"https:\/\/scoutermobility.com\/fi\/tarinamme\/","name":"Scouter &mdash; p\u00e4\u00e4st\u00f6t\u00f6n liikkumisratkaisu","isPartOf":{"@id":"https:\/\/scoutermobility.com\/fi\/#website"},"datePublished":"2019-06-05T07:41:27+00:00","dateModified":"2022-01-12T14:15:00+00:00","description":"Missionamme on tarjota s\u00e4hk\u00f6polkupy\u00f6r\u00e4, joka on p\u00e4\u00e4st\u00f6t\u00f6n, turvallinen ja hauska liikkumisratkaisu, joka aktivoi ihmisi\u00e4 terveemp\u00e4\u00e4n el\u00e4m\u00e4\u00e4n.","breadcrumb":{"@id":"https:\/\/scoutermobility.com\/fi\/tarinamme\/#breadcrumb"},"inLanguage":"fi","potentialAction":[{"@type":"ReadAction","target":["https:\/\/scoutermobility.com\/fi\/tarinamme\/"]}]},{"@type":"BreadcrumbList","@id":"https:\/\/scoutermobility.com\/fi\/tarinamme\/#breadcrumb","itemListElement":[{"@type":"ListItem","position":1,"name":"Home","item":"https:\/\/scoutermobility.com\/fi\/"},{"@type":"ListItem","position":2,"name":"Tarinamme"}]},{"@type":"WebSite","@id":"https:\/\/scoutermobility.com\/fi\/#website","url":"https:\/\/scoutermobility.com\/fi\/","name":"Scouter","description":"Your Journey: Embrace It, Share It, Go For It.","publisher":{"@id":"https:\/\/scoutermobility.com\/fi\/#organization"},"potentialAction":[{"@type":"SearchAction","target":{"@type":"EntryPoint","urlTemplate":"https:\/\/scoutermobility.com\/fi\/?s={search_term_string}"},"query-input":"required name=search_term_string"}],"inLanguage":"fi"},{"@type":"Organization","@id":"https:\/\/scoutermobility.com\/fi\/#organization","name":"Rideascout Oy","url":"https:\/\/scoutermobility.com\/fi\/","logo":{"@type":"ImageObject","inLanguage":"fi","@id":"https:\/\/scoutermobility.com\/fi\/#\/schema\/logo\/image\/","url":"https:\/\/scoutermobility.com\/wp-content\/uploads\/2019\/06\/Scouter_slogan_black.svg","contentUrl":"https:\/\/scoutermobility.com\/wp-content\/uploads\/2019\/06\/Scouter_slogan_black.svg","width":845,"height":554,"caption":"Rideascout Oy"},"image":{"@id":"https:\/\/scoutermobility.com\/fi\/#\/schema\/logo\/image\/"},"sameAs":["https:\/\/www.facebook.com\/Scouter-LMV-626339257809619\/","https:\/\/twitter.com\/scouterl","https:\/\/www.instagram.com\/scouterlmv\/","https:\/\/www.linkedin.com\/in\/scouter-lmv-a83781180\/"]}]}},"_links":{"self":[{"href":"https:\/\/scoutermobility.com\/fi\/wp-json\/wp\/v2\/pages\/179"}],"collection":[{"href":"https:\/\/scoutermobility.com\/fi\/wp-json\/wp\/v2\/pages"}],"about":[{"href":"https:\/\/scoutermobility.com\/fi\/wp-json\/wp\/v2\/types\/page"}],"author":[{"embeddable":true,"href":"https:\/\/scoutermobility.com\/fi\/wp-json\/wp\/v2\/users\/1"}],"replies":[{"embeddable":true,"href":"https:\/\/scoutermobility.com\/fi\/wp-json\/wp\/v2\/comments?post=179"}],"version-history":[{"count":3,"href":"https:\/\/scoutermobility.com\/fi\/wp-json\/wp\/v2\/pages\/179\/revisions"}],"predecessor-version":[{"id":17397,"href":"https:\/\/scoutermobility.com\/fi\/wp-json\/wp\/v2\/pages\/179\/revisions\/17397"}],"wp:attachment":[{"href":"https:\/\/scoutermobility.com\/fi\/wp-json\/wp\/v2\/media?parent=179"}],"curies":[{"name":"wp","href":"https:\/\/api.w.org\/{rel}","templated":true}]}}