{"id":177,"date":"2019-06-05T10:40:51","date_gmt":"2019-06-05T07:40:51","guid":{"rendered":"https:\/\/scouter.fi\/?page_id=177"},"modified":"2021-05-26T16:13:50","modified_gmt":"2021-05-26T13:13:50","slug":"ajankohtaista","status":"publish","type":"page","link":"https:\/\/scoutermobility.com\/fi\/ajankohtaista\/","title":{"rendered":"Ajankohtaista"},"content":{"rendered":"<p>[et_pb_section fb_built=&#8221;1&#8243; fullwidth=&#8221;on&#8221; _builder_version=&#8221;3.23.3&#8243;][et_pb_fullwidth_header title=&#8221;Ajankohtaista&#8221; subhead=&#8221;Tule mukaan kehitt\u00e4m\u00e4\u00e4n p\u00e4\u00e4st\u00f6t\u00f6nt\u00e4 liikkumista.&#8221; text_orientation=&#8221;center&#8221; header_fullscreen=&#8221;on&#8221; button_one_url=&#8221;#&#8221; button_two_url=&#8221;#&#8221; background_overlay_color=&#8221;rgba(0,0,0,0.3)&#8221; content_max_width=&#8221;60%&#8221; content_max_width_tablet=&#8221;&#8221; content_max_width_phone=&#8221;100%&#8221; content_max_width_last_edited=&#8221;on|phone&#8221; module_class=&#8221;page-header&#8221; _builder_version=&#8221;3.25.4&#8243; title_font=&#8221;|800||on|||||&#8221; title_text_align=&#8221;center&#8221; title_font_size=&#8221;3.5vw&#8221; title_line_height=&#8221;1.5em&#8221; content_font=&#8221;||||||||&#8221; subhead_font=&#8221;|800|||||||&#8221; subhead_font_size=&#8221;2.3vw&#8221; subhead_line_height=&#8221;1.2em&#8221; background_color=&#8221;#ffffff&#8221; background_image=&#8221;https:\/\/scoutermobility.com\/wp-content\/uploads\/2019\/06\/piknik_tulo.jpg&#8221; title_font_size_tablet=&#8221;&#8221; title_font_size_phone=&#8221;30px&#8221; title_font_size_last_edited=&#8221;on|phone&#8221; subhead_font_size_tablet=&#8221;&#8221; subhead_font_size_phone=&#8221;24px&#8221; subhead_font_size_last_edited=&#8221;on|desktop&#8221; custom_css_logo=&#8221;width: 35%!important;||max-width: 300px;&#8221; custom_css_title=&#8221;font-weight: 900!important;&#8221; custom_css_subtitle=&#8221;max-width:900px;||margin: 0 auto;&#8221;][\/et_pb_fullwidth_header][\/et_pb_section][et_pb_section fb_built=&#8221;1&#8243; next_background_color=&#8221;#ffffff&#8221; disabled_on=&#8221;on|on|on&#8221; _builder_version=&#8221;3.24.1&#8243; background_image=&#8221;https:\/\/scoutermobility.com\/wp-content\/uploads\/2019\/06\/Scouter_background1_frontpage.jpg&#8221; custom_padding=&#8221;100px||140px||false&#8221; bottom_divider_style=&#8221;asymmetric&#8221; bottom_divider_flip=&#8221;vertical&#8221; disabled=&#8221;on&#8221;][et_pb_row column_structure=&#8221;1_4,3_4&#8243; make_equal=&#8221;on&#8221; _builder_version=&#8221;3.25&#8243; max_width=&#8221;880px&#8221; module_alignment=&#8221;center&#8221; custom_css_main_element=&#8221;align-items:center;&#8221;][et_pb_column type=&#8221;1_4&#8243; _builder_version=&#8221;3.25&#8243; custom_padding=&#8221;|||&#8221; custom_padding__hover=&#8221;|||&#8221;][et_pb_text _builder_version=&#8221;3.27.4&#8243; text_font=&#8221;|700|||||||&#8221; text_font_size=&#8221;30px&#8221; text_line_height=&#8221;1em&#8221; header_font=&#8221;||||||||&#8221; header_2_font=&#8221;|800|||||||&#8221; header_2_font_size=&#8221;36px&#8221; header_2_line_height=&#8221;1.4em&#8221; text_orientation=&#8221;right&#8221; header_2_font_size_tablet=&#8221;&#8221; header_2_font_size_phone=&#8221;32px&#8221; header_2_font_size_last_edited=&#8221;on|phone&#8221; text_text_align=&#8221;right&#8221;]<\/p>\n<h2>T\u00e4st\u00e4 kaikki l\u00e4hti<\/h2>\n<p>[\/et_pb_text][\/et_pb_column][et_pb_column type=&#8221;3_4&#8243; _builder_version=&#8221;3.25&#8243; custom_padding=&#8221;|||&#8221; custom_padding__hover=&#8221;|||&#8221;][et_pb_text _builder_version=&#8221;3.27.4&#8243; text_font=&#8221;||||||||&#8221; text_line_height=&#8221;1.3em&#8221; header_font=&#8221;||||||||&#8221; width_tablet=&#8221;80%&#8221; width_phone=&#8221;100%&#8221; width_last_edited=&#8221;on|phone&#8221;]Meille 60-luvun lapsille p\u00e4\u00e4asiallinen kulkuv\u00e4line oli polkupy\u00f6r\u00e4. Fillarilla ajettiin kouluun, harrastuksiin ja kavereille. Aluksi fillarit olivat ajan hengen mukaisesti k\u00e4ytettyj\u00e4, siskon vanhoja ja sukulaisilta saatuja. <\/p>\n<p>Parempia polkupy\u00f6ri\u00e4 alkoi ilmesty\u00e4 Pitk\u00e4sen fillarikellariin 80-luvulla. Ensin tuli Tunturi retkipy\u00f6r\u00e4, sitten Peugeot kilpapy\u00f6r\u00e4 ja seuraavaksi ajeltiin jo maastopy\u00f6r\u00e4ll\u00e4. Viimeisin hankinta menopeliksi oli hybridi. Py\u00f6r\u00e4ily oli juurtunut osaksi el\u00e4m\u00e4ntapaa. [\/et_pb_text][\/et_pb_column][\/et_pb_row][\/et_pb_section][et_pb_section fb_built=&#8221;1&#8243; next_background_color=&#8221;#ffffff&#8221; disabled_on=&#8221;off|off|off&#8221; _builder_version=&#8221;3.24.1&#8243; background_image=&#8221;https:\/\/scoutermobility.com\/wp-content\/uploads\/2019\/06\/Scouter_background1_frontpage.jpg&#8221; custom_padding=&#8221;100px||140px||false&#8221; bottom_divider_style=&#8221;asymmetric&#8221; bottom_divider_flip=&#8221;vertical&#8221;][et_pb_row make_equal=&#8221;on&#8221; _builder_version=&#8221;3.25&#8243; max_width=&#8221;880px&#8221; module_alignment=&#8221;center&#8221; custom_css_main_element=&#8221;align-items:center;&#8221;][et_pb_column type=&#8221;4_4&#8243; _builder_version=&#8221;3.25&#8243; custom_padding=&#8221;|||&#8221; custom_padding__hover=&#8221;|||&#8221;][et_pb_text _builder_version=&#8221;3.27.4&#8243; text_font=&#8221;||||||||&#8221; text_line_height=&#8221;1.3em&#8221; header_font=&#8221;||||||||&#8221; header_4_font=&#8221;|800|||||||&#8221; header_4_line_height=&#8221;1.3em&#8221; text_orientation=&#8221;center&#8221; width_tablet=&#8221;80%&#8221; width_phone=&#8221;100%&#8221; width_last_edited=&#8221;on|phone&#8221; text_text_align=&#8221;center&#8221;]<\/p>\n<h4>Seuraa meit\u00e4 Somessa ja bongaa Scouter Suomen kes\u00e4isess\u00e4 katukuvassa. Osallistu keskusteluun ja kerro, millaisia matkoja kulkisit Scouterilla?<\/h4>\n<p>[\/et_pb_text][et_pb_social_media_follow _builder_version=&#8221;3.24.1&#8243; text_orientation=&#8221;center&#8221;][et_pb_social_media_follow_network social_network=&#8221;facebook&#8221; url=&#8221;https:\/\/www.facebook.com\/Scouter-LMV-626339257809619\/&#8221; _builder_version=&#8221;3.24.1&#8243; background_color=&#8221;#111&#8243; custom_padding=&#8221;8px|8px|8px|8px|true|true&#8221; follow_button=&#8221;off&#8221; url_new_window=&#8221;on&#8221;]facebook[\/et_pb_social_media_follow_network][et_pb_social_media_follow_network social_network=&#8221;twitter&#8221; url=&#8221;https:\/\/twitter.com\/ScouterL&#8221; _builder_version=&#8221;3.24.1&#8243; background_color=&#8221;#111111&#8243; custom_padding=&#8221;8px|8px|8px|8px|true|true&#8221; follow_button=&#8221;off&#8221; url_new_window=&#8221;on&#8221;]twitter[\/et_pb_social_media_follow_network][et_pb_social_media_follow_network social_network=&#8221;linkedin&#8221; url=&#8221;https:\/\/www.linkedin.com\/in\/scouter-lmv-a83781180\/&#8221; _builder_version=&#8221;3.24.1&#8243; background_color=&#8221;#111111&#8243; custom_padding=&#8221;8px|8px|8px|8px|true|true&#8221; follow_button=&#8221;off&#8221; url_new_window=&#8221;on&#8221;]linkedin[\/et_pb_social_media_follow_network][et_pb_social_media_follow_network social_network=&#8221;instagram&#8221; url=&#8221;https:\/\/www.instagram.com\/scouterlmv\/&#8221; _builder_version=&#8221;3.24.1&#8243; background_color=&#8221;#111111&#8243; custom_padding=&#8221;8px|8px|8px|8px|true|true&#8221; follow_button=&#8221;off&#8221; url_new_window=&#8221;on&#8221;]instagram[\/et_pb_social_media_follow_network][\/et_pb_social_media_follow][\/et_pb_column][\/et_pb_row][\/et_pb_section][et_pb_section fb_built=&#8221;1&#8243; _builder_version=&#8221;3.24.1&#8243; custom_padding=&#8221;||0px&#8221;][et_pb_row use_custom_gutter=&#8221;on&#8221; gutter_width=&#8221;2&#8243; _builder_version=&#8221;3.25&#8243;][et_pb_column type=&#8221;4_4&#8243; _builder_version=&#8221;3.25&#8243; custom_padding=&#8221;|||&#8221; custom_padding__hover=&#8221;|||&#8221;][et_pb_text _builder_version=&#8221;3.27.4&#8243; text_font=&#8221;|700|||||||&#8221; text_font_size=&#8221;30px&#8221; text_line_height=&#8221;1em&#8221; header_font=&#8221;||||||||&#8221; header_2_font=&#8221;|800|||||||&#8221; header_2_text_align=&#8221;center&#8221; header_2_font_size=&#8221;36px&#8221; header_2_line_height=&#8221;1.1em&#8221; header_2_font_size_tablet=&#8221;&#8221; header_2_font_size_phone=&#8221;32px&#8221; header_2_font_size_last_edited=&#8221;on|phone&#8221;]<\/p>\n<h2>Blogi<\/h2>\n<p>[\/et_pb_text][\/et_pb_column][\/et_pb_row][et_pb_row column_structure=&#8221;2_3,1_3&#8243; _builder_version=&#8221;3.25&#8243;][et_pb_column type=&#8221;2_3&#8243; _builder_version=&#8221;3.25&#8243; custom_padding=&#8221;|||&#8221; custom_padding__hover=&#8221;|||&#8221;][et_pb_blog posts_number=&#8221;5&#8243; include_categories=&#8221;1&#8243; show_more=&#8221;on&#8221; show_author=&#8221;off&#8221; show_categories=&#8221;off&#8221; _builder_version=&#8221;3.24.1&#8243; meta_font=&#8221;||||||||&#8221; meta_text_color=&#8221;#c4c4c4&#8243; read_more_font=&#8221;|800||on|||||&#8221; read_more_font_size=&#8221;16px&#8221; read_more_line_height=&#8221;3em&#8221; pagination_font=&#8221;|800||on|||||&#8221; pagination_letter_spacing=&#8221;1px&#8221; custom_css_read_more=&#8221;float: right;||clear: both;&#8221; border_width_bottom_fullwidth=&#8221;3px&#8221; border_color_bottom_fullwidth=&#8221;#EFEFEF&#8221;][\/et_pb_blog][\/et_pb_column][et_pb_column type=&#8221;1_3&#8243; _builder_version=&#8221;3.25&#8243; custom_padding=&#8221;|||&#8221; custom_padding__hover=&#8221;|||&#8221;][et_pb_sidebar show_border=&#8221;off&#8221; _builder_version=&#8221;3.24.1&#8243; header_font=&#8221;|800|||||||&#8221; header_text_color=&#8221;#46d386&#8243; header_font_size=&#8221;28px&#8221;][\/et_pb_sidebar][\/et_pb_column][\/et_pb_row][\/et_pb_section]<\/p>\n","protected":false},"excerpt":{"rendered":"<p>T\u00e4st\u00e4 kaikki l\u00e4htiMeille 60-luvun lapsille p\u00e4\u00e4asiallinen kulkuv\u00e4line oli polkupy\u00f6r\u00e4. Fillarilla ajettiin kouluun, harrastuksiin ja kavereille. Aluksi fillarit olivat ajan hengen mukaisesti k\u00e4ytettyj\u00e4, siskon vanhoja ja sukulaisilta saatuja. Parempia polkupy\u00f6ri\u00e4 alkoi ilmesty\u00e4 Pitk\u00e4sen fillarikellariin 80-luvulla. Ensin tuli Tunturi retkipy\u00f6r\u00e4, sitten Peugeot kilpapy\u00f6r\u00e4 ja seuraavaksi ajeltiin jo maastopy\u00f6r\u00e4ll\u00e4. Viimeisin hankinta menopeliksi oli hybridi. Py\u00f6r\u00e4ily oli juurtunut osaksi [&hellip;]<\/p>\n","protected":false},"author":1,"featured_media":0,"parent":0,"menu_order":0,"comment_status":"closed","ping_status":"closed","template":"","meta":{"_et_pb_use_builder":"on","_et_pb_old_content":"","_et_gb_content_width":"","footnotes":""},"yoast_head":"<!-- This site is optimized with the Yoast SEO plugin v21.0 - https:\/\/yoast.com\/wordpress\/plugins\/seo\/ -->\n<title>Scouter &mdash; Ajankohtainen asia on ilmastonmuutos<\/title>\n<meta name=\"description\" content=\"Ajankohtainen asia on ilmastonmuutos, ymp\u00e4rist\u00f6n tila ja hiilijalanj\u00e4lki. Scouter on helppo tapa liikkua puhtaan ilman puolesta.\" \/>\n<meta name=\"robots\" content=\"index, follow, max-snippet:-1, max-image-preview:large, max-video-preview:-1\" \/>\n<link rel=\"canonical\" href=\"https:\/\/scoutermobility.com\/fi\/ajankohtaista\/\" \/>\n<meta property=\"og:locale\" content=\"fi_FI\" \/>\n<meta property=\"og:type\" content=\"article\" \/>\n<meta property=\"og:title\" content=\"Scouter &mdash; Ajankohtainen asia on ilmastonmuutos\" \/>\n<meta property=\"og:description\" content=\"Ajankohtainen asia on ilmastonmuutos, ymp\u00e4rist\u00f6n tila ja hiilijalanj\u00e4lki. Scouter on helppo tapa liikkua puhtaan ilman puolesta.\" \/>\n<meta property=\"og:url\" content=\"https:\/\/scoutermobility.com\/fi\/ajankohtaista\/\" \/>\n<meta property=\"og:site_name\" content=\"Scouter\" \/>\n<meta property=\"article:publisher\" content=\"https:\/\/www.facebook.com\/Scouter-LMV-626339257809619\/\" \/>\n<meta property=\"article:modified_time\" content=\"2021-05-26T13:13:50+00:00\" \/>\n<meta property=\"og:image\" content=\"https:\/\/scoutermobility.com\/wp-content\/uploads\/2019\/06\/scouter_featured_image.jpg\" \/>\n\t<meta property=\"og:image:width\" content=\"1200\" \/>\n\t<meta property=\"og:image:height\" content=\"630\" \/>\n\t<meta property=\"og:image:type\" content=\"image\/jpeg\" \/>\n<meta name=\"twitter:card\" content=\"summary_large_image\" \/>\n<meta name=\"twitter:site\" content=\"@scouterl\" \/>\n<meta name=\"twitter:label1\" content=\"Arvioitu lukuaika\" \/>\n\t<meta name=\"twitter:data1\" content=\"5 minuuttia\" \/>\n<script type=\"application\/ld+json\" class=\"yoast-schema-graph\">{\"@context\":\"https:\/\/schema.org\",\"@graph\":[{\"@type\":\"WebPage\",\"@id\":\"https:\/\/scoutermobility.com\/fi\/ajankohtaista\/\",\"url\":\"https:\/\/scoutermobility.com\/fi\/ajankohtaista\/\",\"name\":\"Scouter &mdash; Ajankohtainen asia on ilmastonmuutos\",\"isPartOf\":{\"@id\":\"https:\/\/scoutermobility.com\/fi\/#website\"},\"datePublished\":\"2019-06-05T07:40:51+00:00\",\"dateModified\":\"2021-05-26T13:13:50+00:00\",\"description\":\"Ajankohtainen asia on ilmastonmuutos, ymp\u00e4rist\u00f6n tila ja hiilijalanj\u00e4lki. Scouter on helppo tapa liikkua puhtaan ilman puolesta.\",\"breadcrumb\":{\"@id\":\"https:\/\/scoutermobility.com\/fi\/ajankohtaista\/#breadcrumb\"},\"inLanguage\":\"fi\",\"potentialAction\":[{\"@type\":\"ReadAction\",\"target\":[\"https:\/\/scoutermobility.com\/fi\/ajankohtaista\/\"]}]},{\"@type\":\"BreadcrumbList\",\"@id\":\"https:\/\/scoutermobility.com\/fi\/ajankohtaista\/#breadcrumb\",\"itemListElement\":[{\"@type\":\"ListItem\",\"position\":1,\"name\":\"Home\",\"item\":\"https:\/\/scoutermobility.com\/fi\/\"},{\"@type\":\"ListItem\",\"position\":2,\"name\":\"Ajankohtaista\"}]},{\"@type\":\"WebSite\",\"@id\":\"https:\/\/scoutermobility.com\/fi\/#website\",\"url\":\"https:\/\/scoutermobility.com\/fi\/\",\"name\":\"Scouter\",\"description\":\"Your Journey: Embrace It, Share It, Go For It.\",\"publisher\":{\"@id\":\"https:\/\/scoutermobility.com\/fi\/#organization\"},\"potentialAction\":[{\"@type\":\"SearchAction\",\"target\":{\"@type\":\"EntryPoint\",\"urlTemplate\":\"https:\/\/scoutermobility.com\/fi\/?s={search_term_string}\"},\"query-input\":\"required name=search_term_string\"}],\"inLanguage\":\"fi\"},{\"@type\":\"Organization\",\"@id\":\"https:\/\/scoutermobility.com\/fi\/#organization\",\"name\":\"Rideascout Oy\",\"url\":\"https:\/\/scoutermobility.com\/fi\/\",\"logo\":{\"@type\":\"ImageObject\",\"inLanguage\":\"fi\",\"@id\":\"https:\/\/scoutermobility.com\/fi\/#\/schema\/logo\/image\/\",\"url\":\"https:\/\/scoutermobility.com\/wp-content\/uploads\/2019\/06\/Scouter_slogan_black.svg\",\"contentUrl\":\"https:\/\/scoutermobility.com\/wp-content\/uploads\/2019\/06\/Scouter_slogan_black.svg\",\"width\":845,\"height\":554,\"caption\":\"Rideascout Oy\"},\"image\":{\"@id\":\"https:\/\/scoutermobility.com\/fi\/#\/schema\/logo\/image\/\"},\"sameAs\":[\"https:\/\/www.facebook.com\/Scouter-LMV-626339257809619\/\",\"https:\/\/twitter.com\/scouterl\",\"https:\/\/www.instagram.com\/scouterlmv\/\",\"https:\/\/www.linkedin.com\/in\/scouter-lmv-a83781180\/\"]}]}<\/script>\n<!-- \/ Yoast SEO plugin. -->","yoast_head_json":{"title":"Scouter &mdash; Ajankohtainen asia on ilmastonmuutos","description":"Ajankohtainen asia on ilmastonmuutos, ymp\u00e4rist\u00f6n tila ja hiilijalanj\u00e4lki. Scouter on helppo tapa liikkua puhtaan ilman puolesta.","robots":{"index":"index","follow":"follow","max-snippet":"max-snippet:-1","max-image-preview":"max-image-preview:large","max-video-preview":"max-video-preview:-1"},"canonical":"https:\/\/scoutermobility.com\/fi\/ajankohtaista\/","og_locale":"fi_FI","og_type":"article","og_title":"Scouter &mdash; Ajankohtainen asia on ilmastonmuutos","og_description":"Ajankohtainen asia on ilmastonmuutos, ymp\u00e4rist\u00f6n tila ja hiilijalanj\u00e4lki. Scouter on helppo tapa liikkua puhtaan ilman puolesta.","og_url":"https:\/\/scoutermobility.com\/fi\/ajankohtaista\/","og_site_name":"Scouter","article_publisher":"https:\/\/www.facebook.com\/Scouter-LMV-626339257809619\/","article_modified_time":"2021-05-26T13:13:50+00:00","og_image":[{"width":1200,"height":630,"url":"https:\/\/scoutermobility.com\/wp-content\/uploads\/2019\/06\/scouter_featured_image.jpg","type":"image\/jpeg"}],"twitter_card":"summary_large_image","twitter_site":"@scouterl","twitter_misc":{"Arvioitu lukuaika":"5 minuuttia"},"schema":{"@context":"https:\/\/schema.org","@graph":[{"@type":"WebPage","@id":"https:\/\/scoutermobility.com\/fi\/ajankohtaista\/","url":"https:\/\/scoutermobility.com\/fi\/ajankohtaista\/","name":"Scouter &mdash; Ajankohtainen asia on ilmastonmuutos","isPartOf":{"@id":"https:\/\/scoutermobility.com\/fi\/#website"},"datePublished":"2019-06-05T07:40:51+00:00","dateModified":"2021-05-26T13:13:50+00:00","description":"Ajankohtainen asia on ilmastonmuutos, ymp\u00e4rist\u00f6n tila ja hiilijalanj\u00e4lki. Scouter on helppo tapa liikkua puhtaan ilman puolesta.","breadcrumb":{"@id":"https:\/\/scoutermobility.com\/fi\/ajankohtaista\/#breadcrumb"},"inLanguage":"fi","potentialAction":[{"@type":"ReadAction","target":["https:\/\/scoutermobility.com\/fi\/ajankohtaista\/"]}]},{"@type":"BreadcrumbList","@id":"https:\/\/scoutermobility.com\/fi\/ajankohtaista\/#breadcrumb","itemListElement":[{"@type":"ListItem","position":1,"name":"Home","item":"https:\/\/scoutermobility.com\/fi\/"},{"@type":"ListItem","position":2,"name":"Ajankohtaista"}]},{"@type":"WebSite","@id":"https:\/\/scoutermobility.com\/fi\/#website","url":"https:\/\/scoutermobility.com\/fi\/","name":"Scouter","description":"Your Journey: Embrace It, Share It, Go For It.","publisher":{"@id":"https:\/\/scoutermobility.com\/fi\/#organization"},"potentialAction":[{"@type":"SearchAction","target":{"@type":"EntryPoint","urlTemplate":"https:\/\/scoutermobility.com\/fi\/?s={search_term_string}"},"query-input":"required name=search_term_string"}],"inLanguage":"fi"},{"@type":"Organization","@id":"https:\/\/scoutermobility.com\/fi\/#organization","name":"Rideascout Oy","url":"https:\/\/scoutermobility.com\/fi\/","logo":{"@type":"ImageObject","inLanguage":"fi","@id":"https:\/\/scoutermobility.com\/fi\/#\/schema\/logo\/image\/","url":"https:\/\/scoutermobility.com\/wp-content\/uploads\/2019\/06\/Scouter_slogan_black.svg","contentUrl":"https:\/\/scoutermobility.com\/wp-content\/uploads\/2019\/06\/Scouter_slogan_black.svg","width":845,"height":554,"caption":"Rideascout Oy"},"image":{"@id":"https:\/\/scoutermobility.com\/fi\/#\/schema\/logo\/image\/"},"sameAs":["https:\/\/www.facebook.com\/Scouter-LMV-626339257809619\/","https:\/\/twitter.com\/scouterl","https:\/\/www.instagram.com\/scouterlmv\/","https:\/\/www.linkedin.com\/in\/scouter-lmv-a83781180\/"]}]}},"_links":{"self":[{"href":"https:\/\/scoutermobility.com\/fi\/wp-json\/wp\/v2\/pages\/177"}],"collection":[{"href":"https:\/\/scoutermobility.com\/fi\/wp-json\/wp\/v2\/pages"}],"about":[{"href":"https:\/\/scoutermobility.com\/fi\/wp-json\/wp\/v2\/types\/page"}],"author":[{"embeddable":true,"href":"https:\/\/scoutermobility.com\/fi\/wp-json\/wp\/v2\/users\/1"}],"replies":[{"embeddable":true,"href":"https:\/\/scoutermobility.com\/fi\/wp-json\/wp\/v2\/comments?post=177"}],"version-history":[{"count":1,"href":"https:\/\/scoutermobility.com\/fi\/wp-json\/wp\/v2\/pages\/177\/revisions"}],"predecessor-version":[{"id":17288,"href":"https:\/\/scoutermobility.com\/fi\/wp-json\/wp\/v2\/pages\/177\/revisions\/17288"}],"wp:attachment":[{"href":"https:\/\/scoutermobility.com\/fi\/wp-json\/wp\/v2\/media?parent=177"}],"curies":[{"name":"wp","href":"https:\/\/api.w.org\/{rel}","templated":true}]}}